{"id":13,"date":"2015-09-22T14:11:51","date_gmt":"2015-09-22T11:11:51","guid":{"rendered":"http:\/\/www.hhyildirim.com\/?page_id=13"},"modified":"2025-01-28T10:50:28","modified_gmt":"2025-01-28T07:50:28","slug":"iletisim","status":"publish","type":"page","link":"https:\/\/www.hhyildirim.com\/en\/iletisim\/","title":{"rendered":"Contact"},"content":{"rendered":"<div class=\"fusion-fullwidth fullwidth-box fusion-builder-row-1 nonhundred-percent-fullwidth non-hundred-percent-height-scrolling\" style=\"--awb-border-radius-top-left:0px;--awb-border-radius-top-right:0px;--awb-border-radius-bottom-right:0px;--awb-border-radius-bottom-left:0px;--awb-flex-wrap:wrap;\" ><div class=\"fusion-builder-row fusion-row\"><div class=\"fusion-layout-column fusion_builder_column fusion-builder-column-0 fusion_builder_column_1_1 1_1 fusion-one-full fusion-column-first fusion-column-last\" style=\"--awb-bg-size:cover;\"><div class=\"fusion-column-wrapper fusion-flex-column-wrapper-legacy\"><div class=\"fusion-text fusion-text-1\"><p style=\"text-align: center;\"><div class=\"aligncenter\"><div class=\"fusion-social-links fusion-social-links-1\" style=\"--awb-margin-top:0px;--awb-margin-right:0px;--awb-margin-bottom:0px;--awb-margin-left:0px;--awb-alignment:center;--awb-box-border-top:0px;--awb-box-border-right:0px;--awb-box-border-bottom:0px;--awb-box-border-left:0px;--awb-icon-colors-hover:rgba(190,189,189,0.8);--awb-box-colors-hover:rgba(232,232,232,0.8);--awb-box-border-color:var(--awb-color3);--awb-box-border-color-hover:var(--awb-color4);\"><div class=\"fusion-social-networks color-type-custom\"><div class=\"fusion-social-networks-wrapper\"><a class=\"fusion-social-network-icon fusion-tooltip fusion-facebook awb-icon-facebook\" style=\"color:#bebdbd;font-size:16px;\" data-placement=\"top\" data-title=\"Facebook\" data-toggle=\"tooltip\" title=\"Facebook\" aria-label=\"facebook\" target=\"_blank\" rel=\"noopener noreferrer\" href=\"http:\/\/www.facebook.com\/hhyildirim44\"><\/a><a class=\"fusion-social-network-icon fusion-tooltip fusion-twitter awb-icon-twitter\" style=\"color:#bebdbd;font-size:16px;\" data-placement=\"top\" data-title=\"X\" data-toggle=\"tooltip\" title=\"X\" aria-label=\"twitter\" target=\"_blank\" rel=\"noopener noreferrer\" href=\"https:\/\/twitter.com\/hhyildirim44\"><\/a><a class=\"fusion-social-network-icon fusion-tooltip fusion-youtube awb-icon-youtube\" style=\"color:#bebdbd;font-size:16px;\" data-placement=\"top\" data-title=\"YouTube\" data-toggle=\"tooltip\" title=\"YouTube\" aria-label=\"youtube\" target=\"_blank\" rel=\"noopener noreferrer\" href=\"https:\/\/www.youtube.com\/channel\/UCQ0qVE4G0AROMT-Apdez2hQ\"><\/a><a class=\"fusion-social-network-icon fusion-tooltip fusion-linkedin awb-icon-linkedin\" style=\"color:#bebdbd;font-size:16px;\" data-placement=\"top\" data-title=\"LinkedIn\" data-toggle=\"tooltip\" title=\"LinkedIn\" aria-label=\"linkedin\" target=\"_blank\" rel=\"noopener noreferrer\" href=\"https:\/\/www.linkedin.com\/in\/hasan-h%C3%BCseyin-y%C4%B1ld%C4%B1r%C4%B1m-4a66b713\/\"><\/a><\/div><\/div><\/div><\/div><\/p>\n<p style=\"text-align: center;\">Email: hhyildirim2005@gmail.com<\/p>\n<p style=\"text-align: center;\"><a href=\"https:\/\/www.hhyildirim.com\/wp-content\/uploads\/2025\/01\/hhyildirim_cv_tr.pdf\">Ayr\u0131nt\u0131l\u0131 CV i\u00e7in t\u0131klay\u0131n\u0131z [PDF]\u00a0<\/a><\/p>\n<\/div><div class=\"fusion-clearfix\"><\/div><\/div><\/div><\/div><\/div>\n","protected":false},"excerpt":{"rendered":"","protected":false},"author":1,"featured_media":0,"parent":0,"menu_order":0,"comment_status":"closed","ping_status":"closed","template":"contact.php","meta":{"footnotes":""},"class_list":["post-13","page","type-page","status-publish","hentry"],"yoast_head":"<!-- This site is optimized with the Yoast SEO plugin v24.4 - https:\/\/yoast.com\/wordpress\/plugins\/seo\/ -->\n<title>Contact - HHY | Hasan H\u00fcseyin Y\u0131ld\u0131r\u0131m | Sa\u011fl\u0131k Politikalar\u0131 | \u0130slam ve Sa\u011fl\u0131k Ara\u015ft\u0131rmalar\u0131 | T\u0131bb-\u0131 Nebevi<\/title>\n<meta name=\"robots\" content=\"index, follow, max-snippet:-1, max-image-preview:large, max-video-preview:-1\" \/>\n<link rel=\"canonical\" href=\"https:\/\/www.hhyildirim.com\/iletisim\/\" \/>\n<meta property=\"og:locale\" content=\"en_US\" \/>\n<meta property=\"og:type\" content=\"article\" \/>\n<meta property=\"og:title\" content=\"Contact - HHY | Hasan H\u00fcseyin Y\u0131ld\u0131r\u0131m | Sa\u011fl\u0131k Politikalar\u0131 | \u0130slam ve Sa\u011fl\u0131k Ara\u015ft\u0131rmalar\u0131 | T\u0131bb-\u0131 Nebevi\" \/>\n<meta property=\"og:url\" content=\"https:\/\/www.hhyildirim.com\/iletisim\/\" \/>\n<meta property=\"og:site_name\" content=\"HHY | Hasan H\u00fcseyin Y\u0131ld\u0131r\u0131m | Sa\u011fl\u0131k Politikalar\u0131 | \u0130slam ve Sa\u011fl\u0131k Ara\u015ft\u0131rmalar\u0131 | T\u0131bb-\u0131 Nebevi\" \/>\n<meta property=\"article:modified_time\" content=\"2025-01-28T07:50:28+00:00\" \/>\n<meta name=\"twitter:card\" content=\"summary_large_image\" \/>\n<meta name=\"twitter:label1\" content=\"Est. reading time\" \/>\n\t<meta name=\"twitter:data1\" content=\"1 minute\" \/>\n<script type=\"application\/ld+json\" class=\"yoast-schema-graph\">{\"@context\":\"https:\/\/schema.org\",\"@graph\":[{\"@type\":\"WebPage\",\"@id\":\"https:\/\/www.hhyildirim.com\/iletisim\/\",\"url\":\"https:\/\/www.hhyildirim.com\/iletisim\/\",\"name\":\"Contact - HHY | Hasan H\u00fcseyin Y\u0131ld\u0131r\u0131m | Sa\u011fl\u0131k Politikalar\u0131 | \u0130slam ve Sa\u011fl\u0131k Ara\u015ft\u0131rmalar\u0131 | T\u0131bb-\u0131 Nebevi\",\"isPartOf\":{\"@id\":\"https:\/\/www.hhyildirim.com\/#website\"},\"datePublished\":\"2015-09-22T11:11:51+00:00\",\"dateModified\":\"2025-01-28T07:50:28+00:00\",\"breadcrumb\":{\"@id\":\"https:\/\/www.hhyildirim.com\/iletisim\/#breadcrumb\"},\"inLanguage\":\"en-US\",\"potentialAction\":[{\"@type\":\"ReadAction\",\"target\":[\"https:\/\/www.hhyildirim.com\/iletisim\/\"]}]},{\"@type\":\"BreadcrumbList\",\"@id\":\"https:\/\/www.hhyildirim.com\/iletisim\/#breadcrumb\",\"itemListElement\":[{\"@type\":\"ListItem\",\"position\":1,\"name\":\"Ana sayfa\",\"item\":\"https:\/\/www.hhyildirim.com\/\"},{\"@type\":\"ListItem\",\"position\":2,\"name\":\"\u0130leti\u015fim\"}]},{\"@type\":\"WebSite\",\"@id\":\"https:\/\/www.hhyildirim.com\/#website\",\"url\":\"https:\/\/www.hhyildirim.com\/\",\"name\":\"HHY | Hasan H\u00fcseyin Y\u0131ld\u0131r\u0131m | Sa\u011fl\u0131k Politikalar\u0131 | \u0130slam ve Sa\u011fl\u0131k Ara\u015ft\u0131rmalar\u0131 | T\u0131bb-\u0131 Nebevi\",\"description\":\"&quot;Sizlere de\u011fer katar&quot;\",\"potentialAction\":[{\"@type\":\"SearchAction\",\"target\":{\"@type\":\"EntryPoint\",\"urlTemplate\":\"https:\/\/www.hhyildirim.com\/?s={search_term_string}\"},\"query-input\":{\"@type\":\"PropertyValueSpecification\",\"valueRequired\":true,\"valueName\":\"search_term_string\"}}],\"inLanguage\":\"en-US\"}]}<\/script>\n<!-- \/ Yoast SEO plugin. -->","yoast_head_json":{"title":"Contact - HHY | Hasan H\u00fcseyin Y\u0131ld\u0131r\u0131m | Sa\u011fl\u0131k Politikalar\u0131 | \u0130slam ve Sa\u011fl\u0131k Ara\u015ft\u0131rmalar\u0131 | T\u0131bb-\u0131 Nebevi","robots":{"index":"index","follow":"follow","max-snippet":"max-snippet:-1","max-image-preview":"max-image-preview:large","max-video-preview":"max-video-preview:-1"},"canonical":"https:\/\/www.hhyildirim.com\/iletisim\/","og_locale":"en_US","og_type":"article","og_title":"Contact - HHY | Hasan H\u00fcseyin Y\u0131ld\u0131r\u0131m | Sa\u011fl\u0131k Politikalar\u0131 | \u0130slam ve Sa\u011fl\u0131k Ara\u015ft\u0131rmalar\u0131 | T\u0131bb-\u0131 Nebevi","og_url":"https:\/\/www.hhyildirim.com\/iletisim\/","og_site_name":"HHY | Hasan H\u00fcseyin Y\u0131ld\u0131r\u0131m | Sa\u011fl\u0131k Politikalar\u0131 | \u0130slam ve Sa\u011fl\u0131k Ara\u015ft\u0131rmalar\u0131 | T\u0131bb-\u0131 Nebevi","article_modified_time":"2025-01-28T07:50:28+00:00","twitter_card":"summary_large_image","twitter_misc":{"Est. reading time":"1 minute"},"schema":{"@context":"https:\/\/schema.org","@graph":[{"@type":"WebPage","@id":"https:\/\/www.hhyildirim.com\/iletisim\/","url":"https:\/\/www.hhyildirim.com\/iletisim\/","name":"Contact - HHY | Hasan H\u00fcseyin Y\u0131ld\u0131r\u0131m | Sa\u011fl\u0131k Politikalar\u0131 | \u0130slam ve Sa\u011fl\u0131k Ara\u015ft\u0131rmalar\u0131 | T\u0131bb-\u0131 Nebevi","isPartOf":{"@id":"https:\/\/www.hhyildirim.com\/#website"},"datePublished":"2015-09-22T11:11:51+00:00","dateModified":"2025-01-28T07:50:28+00:00","breadcrumb":{"@id":"https:\/\/www.hhyildirim.com\/iletisim\/#breadcrumb"},"inLanguage":"en-US","potentialAction":[{"@type":"ReadAction","target":["https:\/\/www.hhyildirim.com\/iletisim\/"]}]},{"@type":"BreadcrumbList","@id":"https:\/\/www.hhyildirim.com\/iletisim\/#breadcrumb","itemListElement":[{"@type":"ListItem","position":1,"name":"Ana sayfa","item":"https:\/\/www.hhyildirim.com\/"},{"@type":"ListItem","position":2,"name":"\u0130leti\u015fim"}]},{"@type":"WebSite","@id":"https:\/\/www.hhyildirim.com\/#website","url":"https:\/\/www.hhyildirim.com\/","name":"HHY | Hasan H\u00fcseyin Y\u0131ld\u0131r\u0131m | Sa\u011fl\u0131k Politikalar\u0131 | \u0130slam ve Sa\u011fl\u0131k Ara\u015ft\u0131rmalar\u0131 | T\u0131bb-\u0131 Nebevi","description":"&quot;Sizlere de\u011fer katar&quot;","potentialAction":[{"@type":"SearchAction","target":{"@type":"EntryPoint","urlTemplate":"https:\/\/www.hhyildirim.com\/?s={search_term_string}"},"query-input":{"@type":"PropertyValueSpecification","valueRequired":true,"valueName":"search_term_string"}}],"inLanguage":"en-US"}]}},"_links":{"self":[{"href":"https:\/\/www.hhyildirim.com\/en\/wp-json\/wp\/v2\/pages\/13","targetHints":{"allow":["GET"]}}],"collection":[{"href":"https:\/\/www.hhyildirim.com\/en\/wp-json\/wp\/v2\/pages"}],"about":[{"href":"https:\/\/www.hhyildirim.com\/en\/wp-json\/wp\/v2\/types\/page"}],"author":[{"embeddable":true,"href":"https:\/\/www.hhyildirim.com\/en\/wp-json\/wp\/v2\/users\/1"}],"replies":[{"embeddable":true,"href":"https:\/\/www.hhyildirim.com\/en\/wp-json\/wp\/v2\/comments?post=13"}],"version-history":[{"count":17,"href":"https:\/\/www.hhyildirim.com\/en\/wp-json\/wp\/v2\/pages\/13\/revisions"}],"predecessor-version":[{"id":1478,"href":"https:\/\/www.hhyildirim.com\/en\/wp-json\/wp\/v2\/pages\/13\/revisions\/1478"}],"wp:attachment":[{"href":"https:\/\/www.hhyildirim.com\/en\/wp-json\/wp\/v2\/media?parent=13"}],"curies":[{"name":"wp","href":"https:\/\/api.w.org\/{rel}","templated":true}]}}