{"id":1378,"date":"2022-08-25T20:41:56","date_gmt":"2022-08-25T17:41:56","guid":{"rendered":"https:\/\/www.hhyildirim.com\/?page_id=1378"},"modified":"2025-02-13T20:33:14","modified_gmt":"2025-02-13T17:33:14","slug":"projeler","status":"publish","type":"page","link":"https:\/\/www.hhyildirim.com\/en\/projeler\/","title":{"rendered":"Projects"},"content":{"rendered":"<div class=\"fusion-fullwidth fullwidth-box fusion-builder-row-1 nonhundred-percent-fullwidth non-hundred-percent-height-scrolling\" style=\"--awb-border-sizes-top:0px;--awb-border-sizes-bottom:0px;--awb-border-sizes-left:0px;--awb-border-sizes-right:0px;--awb-border-radius-top-left:0px;--awb-border-radius-top-right:0px;--awb-border-radius-bottom-right:0px;--awb-border-radius-bottom-left:0px;--awb-padding-top:20px;--awb-padding-bottom:20px;--awb-flex-wrap:wrap;\" ><div class=\"fusion-builder-row fusion-row\"><div class=\"fusion-layout-column fusion_builder_column fusion-builder-column-0 fusion_builder_column_1_5 1_5 fusion-one-fifth fusion-column-first fusion-column-inner-bg-wrapper\" style=\"--awb-inner-bg-size:cover;--awb-margin-top:10px;--awb-margin-bottom:10px;width:20%;width:calc(20% - ( ( 4% + 4% + 4% + 4% ) * 0.2 ) );margin-right: 4%;\" data-scroll-devices=\"small-visibility,medium-visibility,large-visibility\"><span class=\"fusion-column-inner-bg hover-type-none\"><a class=\"fusion-column-anchor\" href=\"https:\/\/www.tibbinebevimerkezi.com\" rel=\"noopener noreferrer\" target=\"_blank\"><span class=\"fusion-column-inner-bg-image\"><\/span><\/a><\/span><div class=\"fusion-column-wrapper fusion-column-has-shadow fusion-flex-column-wrapper-legacy\"><div class=\"fusion-image-element fusion-image-align-center in-legacy-container\" style=\"text-align:center;--awb-caption-title-font-family:var(--h2_typography-font-family);--awb-caption-title-font-weight:var(--h2_typography-font-weight);--awb-caption-title-font-style:var(--h2_typography-font-style);--awb-caption-title-size:var(--h2_typography-font-size);--awb-caption-title-transform:var(--h2_typography-text-transform);--awb-caption-title-line-height:var(--h2_typography-line-height);--awb-caption-title-letter-spacing:var(--h2_typography-letter-spacing);\"><div class=\"imageframe-align-center\"><span class=\" fusion-imageframe imageframe-none imageframe-1 hover-type-zoomin\"><img decoding=\"async\" width=\"200\" height=\"200\" title=\"tnm-logo\" data-src=\"https:\/\/www.hhyildirim.com\/wp-content\/uploads\/2022\/08\/tnm-logo-200x200.png\" alt class=\"img-responsive wp-image-1389 lazyload\" data-srcset=\"https:\/\/www.hhyildirim.com\/wp-content\/uploads\/2022\/08\/tnm-logo-200x200.png 200w, https:\/\/www.hhyildirim.com\/wp-content\/uploads\/2022\/08\/tnm-logo-400x400.png 400w, https:\/\/www.hhyildirim.com\/wp-content\/uploads\/2022\/08\/tnm-logo.png 451w\" data-sizes=\"(max-width: 800px) 100vw, 200px\" src=\"data:image\/gif;base64,R0lGODlhAQABAAAAACH5BAEKAAEALAAAAAABAAEAAAICTAEAOw==\" style=\"--smush-placeholder-width: 200px; --smush-placeholder-aspect-ratio: 200\/200;\" \/><\/span><\/div><\/div><div class=\"fusion-aligncenter\"><a class=\"fusion-button button-flat fusion-button-default-size button-default fusion-button-default button-1 fusion-button-default-span fusion-button-default-type\" style=\"--button_margin-top:10px;\" target=\"_blank\" rel=\"noopener noreferrer\" href=\"https:\/\/www.tibbinebevimerkezi.com\"><span class=\"fusion-button-text\">TNM<\/span><\/a><\/div><div class=\"fusion-clearfix\"><\/div><\/div><\/div><div class=\"fusion-layout-column fusion_builder_column fusion-builder-column-1 fusion_builder_column_1_5 1_5 fusion-one-fifth fusion-column-inner-bg-wrapper\" style=\"--awb-inner-bg-size:cover;--awb-margin-top:10px;--awb-margin-bottom:10px;width:20%;width:calc(20% - ( ( 4% + 4% + 4% + 4% ) * 0.2 ) );margin-right: 4%;\" data-scroll-devices=\"small-visibility,medium-visibility,large-visibility\"><span class=\"fusion-column-inner-bg hover-type-none\"><a class=\"fusion-column-anchor\" href=\"http:\/\/www.tibbinebevimerkezi.com\" rel=\"noopener noreferrer\" target=\"_blank\"><span class=\"fusion-column-inner-bg-image\"><\/span><\/a><\/span><div class=\"fusion-column-wrapper fusion-column-has-shadow fusion-flex-column-wrapper-legacy\"><div class=\"fusion-image-element fusion-image-align-center in-legacy-container\" style=\"text-align:center;--awb-caption-title-font-family:var(--h2_typography-font-family);--awb-caption-title-font-weight:var(--h2_typography-font-weight);--awb-caption-title-font-style:var(--h2_typography-font-style);--awb-caption-title-size:var(--h2_typography-font-size);--awb-caption-title-transform:var(--h2_typography-text-transform);--awb-caption-title-line-height:var(--h2_typography-line-height);--awb-caption-title-letter-spacing:var(--h2_typography-letter-spacing);\"><div class=\"imageframe-align-center\"><span class=\" fusion-imageframe imageframe-none imageframe-2 hover-type-zoomin\"><img decoding=\"async\" width=\"200\" height=\"200\" title=\"istam\" data-src=\"https:\/\/www.hhyildirim.com\/wp-content\/uploads\/2022\/06\/istam-200x200.png\" alt class=\"img-responsive wp-image-1357 lazyload\" data-srcset=\"https:\/\/www.hhyildirim.com\/wp-content\/uploads\/2022\/06\/istam-200x200.png 200w, https:\/\/www.hhyildirim.com\/wp-content\/uploads\/2022\/06\/istam-400x400.png 400w, https:\/\/www.hhyildirim.com\/wp-content\/uploads\/2022\/06\/istam.png 450w\" data-sizes=\"(max-width: 800px) 100vw, 200px\" src=\"data:image\/gif;base64,R0lGODlhAQABAAAAACH5BAEKAAEALAAAAAABAAEAAAICTAEAOw==\" style=\"--smush-placeholder-width: 200px; --smush-placeholder-aspect-ratio: 200\/200;\" \/><\/span><\/div><\/div><div class=\"fusion-aligncenter\"><a class=\"fusion-button button-flat fusion-button-default-size button-default fusion-button-default button-2 fusion-button-default-span fusion-button-default-type\" style=\"--button_margin-top:10px;\" target=\"_blank\" rel=\"noopener noreferrer\" href=\"www.tibbinebevimerkezi.com\"><span class=\"fusion-button-text\">\u0130STAM<\/span><\/a><\/div><div class=\"fusion-clearfix\"><\/div><\/div><\/div><div class=\"fusion-layout-column fusion_builder_column fusion-builder-column-2 fusion_builder_column_1_5 1_5 fusion-one-fifth fusion-column-inner-bg-wrapper\" style=\"--awb-inner-bg-size:cover;--awb-margin-top:10px;--awb-margin-bottom:10px;width:20%;width:calc(20% - ( ( 4% + 4% + 4% + 4% ) * 0.2 ) );margin-right: 4%;\" data-scroll-devices=\"small-visibility,medium-visibility,large-visibility\"><span class=\"fusion-column-inner-bg hover-type-none\"><a class=\"fusion-column-anchor\" href=\"https:\/\/www.youtube.com\/@EserdenM%C3%BCessire\" rel=\"noopener noreferrer\" target=\"_blank\"><span class=\"fusion-column-inner-bg-image\"><\/span><\/a><\/span><div class=\"fusion-column-wrapper fusion-column-has-shadow fusion-flex-column-wrapper-legacy\"><div class=\"fusion-image-element fusion-image-align-center in-legacy-container\" style=\"text-align:center;--awb-caption-title-font-family:var(--h2_typography-font-family);--awb-caption-title-font-weight:var(--h2_typography-font-weight);--awb-caption-title-font-style:var(--h2_typography-font-style);--awb-caption-title-size:var(--h2_typography-font-size);--awb-caption-title-transform:var(--h2_typography-text-transform);--awb-caption-title-line-height:var(--h2_typography-line-height);--awb-caption-title-letter-spacing:var(--h2_typography-letter-spacing);\"><div class=\"imageframe-align-center\"><span class=\" fusion-imageframe imageframe-none imageframe-3 hover-type-zoomin\"><img decoding=\"async\" width=\"200\" height=\"200\" title=\"eserler-absam kopya 4-8\" data-src=\"https:\/\/www.hhyildirim.com\/wp-content\/uploads\/2025\/02\/eserler-absam-kopya-4-8-200x200.png\" alt class=\"img-responsive wp-image-1516 lazyload\" data-srcset=\"https:\/\/www.hhyildirim.com\/wp-content\/uploads\/2025\/02\/eserler-absam-kopya-4-8-200x200.png 200w, https:\/\/www.hhyildirim.com\/wp-content\/uploads\/2025\/02\/eserler-absam-kopya-4-8-400x400.png 400w, https:\/\/www.hhyildirim.com\/wp-content\/uploads\/2025\/02\/eserler-absam-kopya-4-8.png 450w\" data-sizes=\"(max-width: 800px) 100vw, 200px\" src=\"data:image\/gif;base64,R0lGODlhAQABAAAAACH5BAEKAAEALAAAAAABAAEAAAICTAEAOw==\" style=\"--smush-placeholder-width: 200px; --smush-placeholder-aspect-ratio: 200\/200;\" \/><\/span><\/div><\/div><div class=\"fusion-aligncenter\"><a class=\"fusion-button button-flat fusion-button-default-size button-default fusion-button-default button-3 fusion-button-default-span fusion-button-default-type\" style=\"--button_margin-top:10px;\" target=\"_blank\" rel=\"noopener noreferrer\" href=\"https:\/\/www.youtube.com\/@EserdenM%C3%BCessire\"><span class=\"fusion-button-text\">EMKO<\/span><\/a><\/div><div class=\"fusion-clearfix\"><\/div><\/div><\/div><div class=\"fusion-layout-column fusion_builder_column fusion-builder-column-3 fusion_builder_column_1_5 1_5 fusion-one-fifth fusion-column-inner-bg-wrapper\" style=\"--awb-inner-bg-size:cover;--awb-margin-top:10px;--awb-margin-bottom:10px;width:20%;width:calc(20% - ( ( 4% + 4% + 4% + 4% ) * 0.2 ) );margin-right: 4%;\" data-scroll-devices=\"small-visibility,medium-visibility,large-visibility\"><span class=\"fusion-column-inner-bg hover-type-none\"><a class=\"fusion-column-anchor\" href=\"http:\/\/www.tibbinebevimerkezi.com\" rel=\"noopener noreferrer\" target=\"_blank\"><span class=\"fusion-column-inner-bg-image\"><\/span><\/a><\/span><div class=\"fusion-column-wrapper fusion-column-has-shadow fusion-flex-column-wrapper-legacy\"><div class=\"fusion-image-element fusion-image-align-center in-legacy-container\" style=\"text-align:center;--awb-caption-title-font-family:var(--h2_typography-font-family);--awb-caption-title-font-weight:var(--h2_typography-font-weight);--awb-caption-title-font-style:var(--h2_typography-font-style);--awb-caption-title-size:var(--h2_typography-font-size);--awb-caption-title-transform:var(--h2_typography-text-transform);--awb-caption-title-line-height:var(--h2_typography-line-height);--awb-caption-title-letter-spacing:var(--h2_typography-letter-spacing);\"><div class=\"imageframe-align-center\"><span class=\" fusion-imageframe imageframe-none imageframe-4 hover-type-zoomin\"><img decoding=\"async\" width=\"200\" height=\"200\" title=\"eserler-absam kopya 3-8\" data-src=\"https:\/\/www.hhyildirim.com\/wp-content\/uploads\/2025\/02\/eserler-absam-kopya-3-8-200x200.png\" alt class=\"img-responsive wp-image-1515 lazyload\" data-srcset=\"https:\/\/www.hhyildirim.com\/wp-content\/uploads\/2025\/02\/eserler-absam-kopya-3-8-200x200.png 200w, https:\/\/www.hhyildirim.com\/wp-content\/uploads\/2025\/02\/eserler-absam-kopya-3-8-400x400.png 400w, https:\/\/www.hhyildirim.com\/wp-content\/uploads\/2025\/02\/eserler-absam-kopya-3-8.png 450w\" data-sizes=\"(max-width: 800px) 100vw, 200px\" src=\"data:image\/gif;base64,R0lGODlhAQABAAAAACH5BAEKAAEALAAAAAABAAEAAAICTAEAOw==\" style=\"--smush-placeholder-width: 200px; --smush-placeholder-aspect-ratio: 200\/200;\" \/><\/span><\/div><\/div><div class=\"fusion-aligncenter\"><a class=\"fusion-button button-flat fusion-button-default-size button-default fusion-button-default button-4 fusion-button-default-span fusion-button-default-type\" style=\"--button_margin-top:10px;\" target=\"_blank\" rel=\"noopener noreferrer\" href=\"https:\/\/www.tibbinebevimerkezi.com\/\"><span class=\"fusion-button-text\">\u0130SSAR<\/span><\/a><\/div><div class=\"fusion-clearfix\"><\/div><\/div><\/div><div class=\"fusion-layout-column fusion_builder_column fusion-builder-column-4 fusion_builder_column_1_5 1_5 fusion-one-fifth fusion-column-last fusion-column-inner-bg-wrapper\" style=\"--awb-inner-bg-size:cover;--awb-margin-top:10px;--awb-margin-bottom:10px;width:20%;width:calc(20% - ( ( 4% + 4% + 4% + 4% ) * 0.2 ) );\" data-scroll-devices=\"small-visibility,medium-visibility,large-visibility\"><span class=\"fusion-column-inner-bg hover-type-none\"><a class=\"fusion-column-anchor\" href=\"https:\/\/www.absamyayinlari.com\/\" rel=\"noopener noreferrer\" target=\"_blank\"><span class=\"fusion-column-inner-bg-image\"><\/span><\/a><\/span><div class=\"fusion-column-wrapper fusion-column-has-shadow fusion-flex-column-wrapper-legacy\"><div class=\"fusion-image-element fusion-image-align-center in-legacy-container\" style=\"text-align:center;--awb-caption-title-font-family:var(--h2_typography-font-family);--awb-caption-title-font-weight:var(--h2_typography-font-weight);--awb-caption-title-font-style:var(--h2_typography-font-style);--awb-caption-title-size:var(--h2_typography-font-size);--awb-caption-title-transform:var(--h2_typography-text-transform);--awb-caption-title-line-height:var(--h2_typography-line-height);--awb-caption-title-letter-spacing:var(--h2_typography-letter-spacing);\"><div class=\"imageframe-align-center\"><span class=\" fusion-imageframe imageframe-none imageframe-5 hover-type-zoomin\"><img decoding=\"async\" width=\"200\" height=\"200\" title=\"eserler-absam kopya 5-8\" data-src=\"https:\/\/www.hhyildirim.com\/wp-content\/uploads\/2025\/02\/eserler-absam-kopya-5-8-200x200.png\" alt class=\"img-responsive wp-image-1514 lazyload\" data-srcset=\"https:\/\/www.hhyildirim.com\/wp-content\/uploads\/2025\/02\/eserler-absam-kopya-5-8-200x200.png 200w, https:\/\/www.hhyildirim.com\/wp-content\/uploads\/2025\/02\/eserler-absam-kopya-5-8-400x400.png 400w, https:\/\/www.hhyildirim.com\/wp-content\/uploads\/2025\/02\/eserler-absam-kopya-5-8.png 450w\" data-sizes=\"(max-width: 800px) 100vw, 200px\" src=\"data:image\/gif;base64,R0lGODlhAQABAAAAACH5BAEKAAEALAAAAAABAAEAAAICTAEAOw==\" style=\"--smush-placeholder-width: 200px; --smush-placeholder-aspect-ratio: 200\/200;\" \/><\/span><\/div><\/div><div class=\"fusion-aligncenter\"><a class=\"fusion-button button-flat fusion-button-default-size button-default fusion-button-default button-5 fusion-button-default-span fusion-button-default-type\" style=\"--button_margin-top:10px;\" target=\"_blank\" rel=\"noopener noreferrer\" href=\"https:\/\/www.absamyayinlari.com\/\"><span class=\"fusion-button-text\">SAYDEK<\/span><\/a><\/div><div class=\"fusion-clearfix\"><\/div><\/div><\/div><\/div><\/div>","protected":false},"excerpt":{"rendered":"","protected":false},"author":1,"featured_media":0,"parent":0,"menu_order":0,"comment_status":"closed","ping_status":"closed","template":"","meta":{"footnotes":""},"class_list":["post-1378","page","type-page","status-publish","hentry"],"yoast_head":"<!-- This site is optimized with the Yoast SEO plugin v24.4 - https:\/\/yoast.com\/wordpress\/plugins\/seo\/ -->\n<title>Projects - HHY | Hasan H\u00fcseyin Y\u0131ld\u0131r\u0131m | Sa\u011fl\u0131k Politikalar\u0131 | \u0130slam ve Sa\u011fl\u0131k Ara\u015ft\u0131rmalar\u0131 | T\u0131bb-\u0131 Nebevi<\/title>\n<meta name=\"robots\" content=\"index, follow, max-snippet:-1, max-image-preview:large, max-video-preview:-1\" \/>\n<link rel=\"canonical\" href=\"https:\/\/www.hhyildirim.com\/projeler\/\" \/>\n<meta property=\"og:locale\" content=\"en_US\" \/>\n<meta property=\"og:type\" content=\"article\" \/>\n<meta property=\"og:title\" content=\"Projects - HHY | Hasan H\u00fcseyin Y\u0131ld\u0131r\u0131m | Sa\u011fl\u0131k Politikalar\u0131 | \u0130slam ve Sa\u011fl\u0131k Ara\u015ft\u0131rmalar\u0131 | T\u0131bb-\u0131 Nebevi\" \/>\n<meta property=\"og:url\" content=\"https:\/\/www.hhyildirim.com\/projeler\/\" \/>\n<meta property=\"og:site_name\" content=\"HHY | Hasan H\u00fcseyin Y\u0131ld\u0131r\u0131m | Sa\u011fl\u0131k Politikalar\u0131 | \u0130slam ve Sa\u011fl\u0131k Ara\u015ft\u0131rmalar\u0131 | T\u0131bb-\u0131 Nebevi\" \/>\n<meta property=\"article:modified_time\" content=\"2025-02-13T17:33:14+00:00\" \/>\n<meta name=\"twitter:card\" content=\"summary_large_image\" \/>\n<meta name=\"twitter:label1\" content=\"Est. reading time\" \/>\n\t<meta name=\"twitter:data1\" content=\"2 minutes\" \/>\n<script type=\"application\/ld+json\" class=\"yoast-schema-graph\">{\"@context\":\"https:\/\/schema.org\",\"@graph\":[{\"@type\":\"WebPage\",\"@id\":\"https:\/\/www.hhyildirim.com\/projeler\/\",\"url\":\"https:\/\/www.hhyildirim.com\/projeler\/\",\"name\":\"Projects - HHY | Hasan H\u00fcseyin Y\u0131ld\u0131r\u0131m | Sa\u011fl\u0131k Politikalar\u0131 | \u0130slam ve Sa\u011fl\u0131k Ara\u015ft\u0131rmalar\u0131 | T\u0131bb-\u0131 Nebevi\",\"isPartOf\":{\"@id\":\"https:\/\/www.hhyildirim.com\/#website\"},\"datePublished\":\"2022-08-25T17:41:56+00:00\",\"dateModified\":\"2025-02-13T17:33:14+00:00\",\"breadcrumb\":{\"@id\":\"https:\/\/www.hhyildirim.com\/projeler\/#breadcrumb\"},\"inLanguage\":\"en-US\",\"potentialAction\":[{\"@type\":\"ReadAction\",\"target\":[\"https:\/\/www.hhyildirim.com\/projeler\/\"]}]},{\"@type\":\"BreadcrumbList\",\"@id\":\"https:\/\/www.hhyildirim.com\/projeler\/#breadcrumb\",\"itemListElement\":[{\"@type\":\"ListItem\",\"position\":1,\"name\":\"Ana sayfa\",\"item\":\"https:\/\/www.hhyildirim.com\/\"},{\"@type\":\"ListItem\",\"position\":2,\"name\":\"Projeler\"}]},{\"@type\":\"WebSite\",\"@id\":\"https:\/\/www.hhyildirim.com\/#website\",\"url\":\"https:\/\/www.hhyildirim.com\/\",\"name\":\"HHY | Hasan H\u00fcseyin Y\u0131ld\u0131r\u0131m | Sa\u011fl\u0131k Politikalar\u0131 | \u0130slam ve Sa\u011fl\u0131k Ara\u015ft\u0131rmalar\u0131 | T\u0131bb-\u0131 Nebevi\",\"description\":\"&quot;Sizlere de\u011fer katar&quot;\",\"potentialAction\":[{\"@type\":\"SearchAction\",\"target\":{\"@type\":\"EntryPoint\",\"urlTemplate\":\"https:\/\/www.hhyildirim.com\/?s={search_term_string}\"},\"query-input\":{\"@type\":\"PropertyValueSpecification\",\"valueRequired\":true,\"valueName\":\"search_term_string\"}}],\"inLanguage\":\"en-US\"}]}<\/script>\n<!-- \/ Yoast SEO plugin. -->","yoast_head_json":{"title":"Projects - HHY | Hasan H\u00fcseyin Y\u0131ld\u0131r\u0131m | Sa\u011fl\u0131k Politikalar\u0131 | \u0130slam ve Sa\u011fl\u0131k Ara\u015ft\u0131rmalar\u0131 | T\u0131bb-\u0131 Nebevi","robots":{"index":"index","follow":"follow","max-snippet":"max-snippet:-1","max-image-preview":"max-image-preview:large","max-video-preview":"max-video-preview:-1"},"canonical":"https:\/\/www.hhyildirim.com\/projeler\/","og_locale":"en_US","og_type":"article","og_title":"Projects - HHY | Hasan H\u00fcseyin Y\u0131ld\u0131r\u0131m | Sa\u011fl\u0131k Politikalar\u0131 | \u0130slam ve Sa\u011fl\u0131k Ara\u015ft\u0131rmalar\u0131 | T\u0131bb-\u0131 Nebevi","og_url":"https:\/\/www.hhyildirim.com\/projeler\/","og_site_name":"HHY | Hasan H\u00fcseyin Y\u0131ld\u0131r\u0131m | Sa\u011fl\u0131k Politikalar\u0131 | \u0130slam ve Sa\u011fl\u0131k Ara\u015ft\u0131rmalar\u0131 | T\u0131bb-\u0131 Nebevi","article_modified_time":"2025-02-13T17:33:14+00:00","twitter_card":"summary_large_image","twitter_misc":{"Est. reading time":"2 minutes"},"schema":{"@context":"https:\/\/schema.org","@graph":[{"@type":"WebPage","@id":"https:\/\/www.hhyildirim.com\/projeler\/","url":"https:\/\/www.hhyildirim.com\/projeler\/","name":"Projects - HHY | Hasan H\u00fcseyin Y\u0131ld\u0131r\u0131m | Sa\u011fl\u0131k Politikalar\u0131 | \u0130slam ve Sa\u011fl\u0131k Ara\u015ft\u0131rmalar\u0131 | T\u0131bb-\u0131 Nebevi","isPartOf":{"@id":"https:\/\/www.hhyildirim.com\/#website"},"datePublished":"2022-08-25T17:41:56+00:00","dateModified":"2025-02-13T17:33:14+00:00","breadcrumb":{"@id":"https:\/\/www.hhyildirim.com\/projeler\/#breadcrumb"},"inLanguage":"en-US","potentialAction":[{"@type":"ReadAction","target":["https:\/\/www.hhyildirim.com\/projeler\/"]}]},{"@type":"BreadcrumbList","@id":"https:\/\/www.hhyildirim.com\/projeler\/#breadcrumb","itemListElement":[{"@type":"ListItem","position":1,"name":"Ana sayfa","item":"https:\/\/www.hhyildirim.com\/"},{"@type":"ListItem","position":2,"name":"Projeler"}]},{"@type":"WebSite","@id":"https:\/\/www.hhyildirim.com\/#website","url":"https:\/\/www.hhyildirim.com\/","name":"HHY | Hasan H\u00fcseyin Y\u0131ld\u0131r\u0131m | Sa\u011fl\u0131k Politikalar\u0131 | \u0130slam ve Sa\u011fl\u0131k Ara\u015ft\u0131rmalar\u0131 | T\u0131bb-\u0131 Nebevi","description":"&quot;Sizlere de\u011fer katar&quot;","potentialAction":[{"@type":"SearchAction","target":{"@type":"EntryPoint","urlTemplate":"https:\/\/www.hhyildirim.com\/?s={search_term_string}"},"query-input":{"@type":"PropertyValueSpecification","valueRequired":true,"valueName":"search_term_string"}}],"inLanguage":"en-US"}]}},"_links":{"self":[{"href":"https:\/\/www.hhyildirim.com\/en\/wp-json\/wp\/v2\/pages\/1378","targetHints":{"allow":["GET"]}}],"collection":[{"href":"https:\/\/www.hhyildirim.com\/en\/wp-json\/wp\/v2\/pages"}],"about":[{"href":"https:\/\/www.hhyildirim.com\/en\/wp-json\/wp\/v2\/types\/page"}],"author":[{"embeddable":true,"href":"https:\/\/www.hhyildirim.com\/en\/wp-json\/wp\/v2\/users\/1"}],"replies":[{"embeddable":true,"href":"https:\/\/www.hhyildirim.com\/en\/wp-json\/wp\/v2\/comments?post=1378"}],"version-history":[{"count":29,"href":"https:\/\/www.hhyildirim.com\/en\/wp-json\/wp\/v2\/pages\/1378\/revisions"}],"predecessor-version":[{"id":1533,"href":"https:\/\/www.hhyildirim.com\/en\/wp-json\/wp\/v2\/pages\/1378\/revisions\/1533"}],"wp:attachment":[{"href":"https:\/\/www.hhyildirim.com\/en\/wp-json\/wp\/v2\/media?parent=1378"}],"curies":[{"name":"wp","href":"https:\/\/api.w.org\/{rel}","templated":true}]}}