{"id":2,"date":"2015-09-22T13:55:12","date_gmt":"2015-09-22T10:55:12","guid":{"rendered":"http:\/\/www.hhyildirim.com\/?page_id=2"},"modified":"2025-09-09T20:59:19","modified_gmt":"2025-09-09T17:59:19","slug":"akademisyen","status":"publish","type":"page","link":"https:\/\/www.hhyildirim.com\/en\/akademisyen\/","title":{"rendered":"Academician"},"content":{"rendered":"<p><div class=\"fusion-fullwidth fullwidth-box fusion-builder-row-1 nonhundred-percent-fullwidth non-hundred-percent-height-scrolling\" style=\"--awb-border-radius-top-left:0px;--awb-border-radius-top-right:0px;--awb-border-radius-bottom-right:0px;--awb-border-radius-bottom-left:0px;--awb-padding-top:20px;--awb-padding-bottom:20px;--awb-flex-wrap:wrap;\" ><div class=\"fusion-builder-row fusion-row\"><div class=\"fusion-layout-column fusion_builder_column fusion-builder-column-0 fusion_builder_column_1_1 1_1 fusion-one-full fusion-column-first fusion-column-last\" style=\"--awb-bg-size:cover;\"><div class=\"fusion-column-wrapper fusion-flex-column-wrapper-legacy\"><div class=\"fusion-text fusion-text-1\"><p><\/p>\n<\/div><div class=\"fusion-clearfix\"><\/div><\/div><\/div><\/div><\/div><div class=\"fusion-fullwidth fullwidth-box fusion-builder-row-4 nonhundred-percent-fullwidth non-hundred-percent-height-scrolling\" style=\"--awb-border-radius-top-left:0px;--awb-border-radius-top-right:0px;--awb-border-radius-bottom-right:0px;--awb-border-radius-bottom-left:0px;--awb-flex-wrap:wrap;\" ><div class=\"fusion-builder-row fusion-row\"><div class=\"fusion-layout-column fusion_builder_column fusion-builder-column-4 fusion_builder_column_1_2 1_2 fusion-one-half fusion-column-first\" style=\"--awb-bg-size:cover;width:48%; margin-right: 4%;\"><div class=\"fusion-column-wrapper fusion-flex-column-wrapper-legacy\"><div class=\"fusion-text fusion-text-5\"><p><a href=\"http:\/\/www.hhyildirim.com\/wp-content\/uploads\/2018\/11\/hhy-web.jpg\"><img decoding=\"async\" class=\"alignnone size-full wp-image-897 lazyload\" data-src=\"http:\/\/www.hhyildirim.com\/wp-content\/uploads\/2018\/11\/hhy-web.jpg\" alt=\"\" width=\"600\" height=\"400\" data-srcset=\"https:\/\/www.hhyildirim.com\/wp-content\/uploads\/2018\/11\/hhy-web-200x133.jpg 200w, https:\/\/www.hhyildirim.com\/wp-content\/uploads\/2018\/11\/hhy-web-300x200.jpg 300w, https:\/\/www.hhyildirim.com\/wp-content\/uploads\/2018\/11\/hhy-web-400x267.jpg 400w, https:\/\/www.hhyildirim.com\/wp-content\/uploads\/2018\/11\/hhy-web.jpg 600w\" data-sizes=\"(max-width: 600px) 100vw, 600px\" src=\"data:image\/gif;base64,R0lGODlhAQABAAAAACH5BAEKAAEALAAAAAABAAEAAAICTAEAOw==\" style=\"--smush-placeholder-width: 600px; --smush-placeholder-aspect-ratio: 600\/400;\" \/><\/a><\/p>\n<\/div><div class=\"fusion-clearfix\"><\/div><\/div><\/div><div class=\"fusion-layout-column fusion_builder_column fusion-builder-column-5 fusion_builder_column_1_2 1_2 fusion-one-half fusion-column-last\" style=\"--awb-bg-size:cover;width:48%;\"><div class=\"fusion-column-wrapper fusion-flex-column-wrapper-legacy\"><div class=\"fusion-title title fusion-title-2 fusion-title-text fusion-title-size-one\"><h1 class=\"fusion-title-heading title-heading-left\" style=\"margin:0;\">Who is?<\/h1><span class=\"awb-title-spacer\"><\/span><div class=\"title-sep-container\"><div class=\"title-sep sep-double sep-solid\" style=\"border-color:#e0dede;\"><\/div><\/div><\/div><div class=\"fusion-text fusion-text-6\" style=\"--awb-text-transform:none;\"><p class=\"Paragraph\" style=\"text-indent: 0cm; line-height: 13.0pt;\"><span lang=\"EN-US\" style=\"font-size: 9.0pt; font-family: 'Cambria',serif;\">Hasan H\u00fcseyin Y\u0131ld\u0131r\u0131m graduated from Hacettepe University School of Health Administration with the highest GPA in 1996. He began his academic career as a research assistant at the School of Health Administration in 1996. Dr. Y\u0131ld\u0131r\u0131m received his MSc and doctoral PhD degrees from the Health Management Programme of Institute of Health Sciences at Hacettepe University. He also worked as a Visiting Research Associate at the LSE Health (London) as a British Council Chevening Scholar (2005-2006). During the course of the visit, Dr. Y\u0131ld\u0131r\u0131m studied mostly on the fields of health policies, health systems, health economics, health financing and effects of EU health policies on the Turkish health policies and system. Dr. Y\u0131ld\u0131r\u0131m had worked as a faculty member on health policies at Hacettepe University Department of Health Management until July 2017.<\/span><\/p>\n<p class=\"Paragraph\" style=\"margin-bottom: 0cm; text-indent: 14.2pt; line-height: 13.0pt;\"><span lang=\"EN-US\" style=\"font-size: 9.0pt; font-family: 'Cambria',serif;\">Dr. Y\u0131ld\u0131r\u0131m, who is currently a professor at the Health Sciences University G\u00fclhane Faculty of Health Sciences Department of Health Management (Ankara), has previously served as the Founding Director of T\u00dcSEB T\u00fcrkiye Health Policy Institute (T\u00dcSPE) (2017-2023), provided scientific, logistical and technical support to the Presidency Health and Food Policies Board (2018-2022), Acting Secretary General of TUSEB (2020-2021), Member of the Board of Directors of TUSEB (2019-2020), Acting Director of TUSEB Turkey Traditional and Complementary Medicine Institute ( 2017-2020), Hacettepe University Health Management Department Vice President (2012-2013), founder and director of the EU Health Research Center (ABSAM) located in Hacettepe Teknokent (2013-2017), Board of Directors of the European Health Management Association (EHMA, 2015-2016), TOBB Turkey Healthcare Institutions Assembly Consultancy (2015-2017), Consultant at Health and Social Service Workers\u2019 Union (Sa\u011fl\u0131k-Sen, 2008-2015) and as a commission expert in the Parliamentary Research Commission of the Grand National Assembly of Turkey (TBMM) (2012-2013).<\/span><\/p>\n<p class=\"Paragraph\" style=\"line-height: 13.0pt;\"><span lang=\"EN-US\" style=\"font-size: 9.0pt; font-family: 'Cambria',serif;\">Y\u0131ld\u0131r\u0131m has participated in numerous national and international projects and initiatives, and continues to do so. Some of these include the European Observatory on Health Systems and Policies Data Provision on the Organization, Financing, and Delivery of Rehabilitation Care in Turkey (2024), the WHO EVIPNet Europe Network (2019-2023), the European Observatory on Health Systems and Policies Health Systems in Action Insights (2022), the Organization of Turkic States&#8217; &#8220;Turkic World 2040 Vision: Integrative Partnership Project&#8221; (Turkish Experience in Health System and Policies Report 2022), membership in the G20 Global Innovation Hub for Improving Value in Health Steering Committee (2020-2023), the Turkish Representative of the &#8220;Health PROMeTHEUS: Health Professional Mobility in European Union Study&#8221; (2009-2012) Project funded under the European Union&#8217;s 7th Framework Programme, and the Sa\u011fl\u0131k-Sen Turkey Health Literacy Survey (2014).<\/span><\/p>\n<p class=\"Paragraph\" style=\"line-height: 13.0pt;\"><span lang=\"EN-US\" style=\"font-size: 9.0pt; font-family: 'Cambria',serif;\">Y\u0131ld\u0131r\u0131m has authored numerous books (for books in English: <\/span><span lang=\"EN-US\"><a href=\"https:\/\/www.healthpolicybooks.com\/\"><span style=\"font-size: 9.0pt; font-family: 'Cambria',serif;\">https:\/\/www.healthpolicybooks.com\/<\/span><\/a><\/span><span lang=\"EN-US\" style=\"font-size: 9.0pt; font-family: 'Cambria',serif;\">, for books in Turkish: <\/span><span lang=\"EN-US\"><a href=\"http:\/\/www.absamyayinlari.com\"><span style=\"font-size: 9.0pt; font-family: 'Cambria',serif;\">www.absamyayinlari.com<\/span><\/a><\/span><span lang=\"EN-US\" style=\"font-size: 9.0pt; font-family: 'Cambria',serif;\">), book chapters, articles, reports, analyses, and presentations at national and international levels. He co-authored a chapter on &#8220;Public Policy: Theory and Practice&#8221; (2013, edited by Y\u0131ld\u0131z M. and Sobac\u0131 M.Z.), which received the Notable Copyrighted Work Award from the Turkish Academy of Sciences (T\u00dcBA) in 2014. He is also the recipient of the Hacettepe Student Science Encouragement Award, the \u0130hsan Do\u011framac\u0131 Outstanding Achievement Award, the Sioder Leading Public Administrator of the Year Award, and the By Protocol Magazine Silver Career Bureaucrat of the Year Award.<\/span><\/p>\n<p class=\"Paragraph\" style=\"line-height: 13.0pt;\"><span lang=\"EN-US\" style=\"font-size: 9.0pt; font-family: 'Cambria',serif;\">Y\u0131ld\u0131r\u0131m specializes in health policy, and his work focuses on the policy, management, and economics of health, healthcare services, and healthcare systems. Y\u0131ld\u0131r\u0131m has focused his recent research on Islamic and Health Studies in general, and Prophetic Medicine in particular. In this sense, he established the Islamic and Health Research and Prophetic Medicine Center online (<\/span><span lang=\"EN-US\"><a href=\"http:\/\/www.tibbinebemerkezi.com\"><span style=\"font-size: 9.0pt; font-family: 'Cambria',serif;\">www.tibbinebemerkezi.com<\/span><\/a><\/span><span lang=\"EN-US\" style=\"font-size: 9.0pt; font-family: 'Cambria',serif;\">) and initially published the &#8220;Islamic and Health Research Series\/Prophetic Medicine Collection&#8221; (<\/span><span lang=\"EN-US\"><a href=\"http:\/\/www.tnmkitap.com\"><span style=\"font-size: 9.0pt; font-family: 'Cambria',serif;\">www.tnmkitap.com<\/span><\/a><\/span><span lang=\"EN-US\" style=\"font-size: 9.0pt; font-family: 'Cambria',serif;\">), consisting of seven books.<\/span><\/p>\n<p>For full CV please <a href=\"https:\/\/www.hhyildirim.com\/wp-content\/uploads\/2025\/09\/hhyildirim_cv_en.pdf\" target=\"_blank\" rel=\"noopener noreferrer\">click here (pdf).<\/a><\/p>\n<\/div><div class=\"fusion-tabs fusion-tabs-2 classic nav-is-justified horizontal-tabs icon-position-left mobile-mode-accordion\" style=\"--awb-title-border-radius-top-left:0px;--awb-title-border-radius-top-right:0px;--awb-title-border-radius-bottom-right:0px;--awb-title-border-radius-bottom-left:0px;--awb-alignment:start;--awb-inactive-color:#f1f2f2;--awb-background-color:#ffffff;--awb-border-color:#ebeaea;--awb-active-border-color:#ab8b65;\"><div class=\"nav\"><ul class=\"nav-tabs nav-justified\" role=\"tablist\"><li class=\"active\" role=\"presentation\"><a class=\"tab-link\" data-toggle=\"tab\" role=\"tab\" aria-controls=\"tab-7cb563b693bf1ad11db\" aria-selected=\"true\" id=\"fusion-tab-professor\" href=\"#tab-7cb563b693bf1ad11db\"><h4 class=\"fusion-tab-heading\"><i class=\"fontawesome-icon fa fa-university\" aria-hidden=\"true\" style=\"font-size:13px;\"><\/i>Professor<\/h4><\/a><\/li><\/ul><\/div><div class=\"tab-content\"><div class=\"nav fusion-mobile-tab-nav\"><ul class=\"nav-tabs nav-justified\" role=\"tablist\"><li class=\"active\" role=\"presentation\"><a class=\"tab-link\" data-toggle=\"tab\" role=\"tab\" aria-controls=\"tab-7cb563b693bf1ad11db\" aria-selected=\"true\" id=\"mobile-fusion-tab-professor\" href=\"#tab-7cb563b693bf1ad11db\"><h4 class=\"fusion-tab-heading\"><i class=\"fontawesome-icon fa fa-university\" aria-hidden=\"true\" style=\"font-size:13px;\"><\/i>Professor<\/h4><\/a><\/li><\/ul><\/div><div class=\"tab-pane fade fusion-clearfix in active\" role=\"tabpanel\" tabindex=\"0\" aria-labelledby=\"fusion-tab-professor\" id=\"tab-7cb563b693bf1ad11db\">\n<p>Sa\u011fl\u0131k Bilimleri University<br \/>\nFaculty of Health Sciences<br \/>\nDepartment of Health Management<br \/>\n\u0130stanbul<\/p>\n<\/div><\/div><\/div><div class=\"fusion-clearfix\"><\/div><\/div><\/div><\/div><\/div><\/p>","protected":false},"excerpt":{"rendered":"","protected":false},"author":1,"featured_media":0,"parent":0,"menu_order":0,"comment_status":"closed","ping_status":"closed","template":"","meta":{"footnotes":""},"class_list":["post-2","page","type-page","status-publish","hentry"],"yoast_head":"<!-- This site is optimized with the Yoast SEO plugin v24.4 - https:\/\/yoast.com\/wordpress\/plugins\/seo\/ -->\n<title>Academician - HHY | Hasan H\u00fcseyin Y\u0131ld\u0131r\u0131m | Sa\u011fl\u0131k Politikalar\u0131 | \u0130slam ve Sa\u011fl\u0131k Ara\u015ft\u0131rmalar\u0131 | T\u0131bb-\u0131 Nebevi<\/title>\n<meta name=\"robots\" content=\"index, follow, max-snippet:-1, max-image-preview:large, max-video-preview:-1\" \/>\n<link rel=\"canonical\" href=\"https:\/\/www.hhyildirim.com\/akademisyen\/\" \/>\n<meta property=\"og:locale\" content=\"en_US\" \/>\n<meta property=\"og:type\" content=\"article\" \/>\n<meta property=\"og:title\" content=\"Academician - HHY | Hasan H\u00fcseyin Y\u0131ld\u0131r\u0131m | Sa\u011fl\u0131k Politikalar\u0131 | \u0130slam ve Sa\u011fl\u0131k Ara\u015ft\u0131rmalar\u0131 | T\u0131bb-\u0131 Nebevi\" \/>\n<meta property=\"og:url\" content=\"https:\/\/www.hhyildirim.com\/akademisyen\/\" \/>\n<meta property=\"og:site_name\" content=\"HHY | Hasan H\u00fcseyin Y\u0131ld\u0131r\u0131m | Sa\u011fl\u0131k Politikalar\u0131 | \u0130slam ve Sa\u011fl\u0131k Ara\u015ft\u0131rmalar\u0131 | T\u0131bb-\u0131 Nebevi\" \/>\n<meta property=\"article:modified_time\" content=\"2025-09-09T17:59:19+00:00\" \/>\n<meta property=\"og:image\" content=\"https:\/\/www.hhyildirim.com\/wp-content\/uploads\/2018\/11\/hhy-web.jpg\" \/>\n\t<meta property=\"og:image:width\" content=\"600\" \/>\n\t<meta property=\"og:image:height\" content=\"400\" \/>\n\t<meta property=\"og:image:type\" content=\"image\/jpeg\" \/>\n<meta name=\"twitter:card\" content=\"summary_large_image\" \/>\n<meta name=\"twitter:label1\" content=\"Est. reading time\" \/>\n\t<meta name=\"twitter:data1\" content=\"3 minutes\" \/>\n<script type=\"application\/ld+json\" class=\"yoast-schema-graph\">{\"@context\":\"https:\/\/schema.org\",\"@graph\":[{\"@type\":\"WebPage\",\"@id\":\"https:\/\/www.hhyildirim.com\/akademisyen\/\",\"url\":\"https:\/\/www.hhyildirim.com\/akademisyen\/\",\"name\":\"Academician - HHY | Hasan H\u00fcseyin Y\u0131ld\u0131r\u0131m | Sa\u011fl\u0131k Politikalar\u0131 | \u0130slam ve Sa\u011fl\u0131k Ara\u015ft\u0131rmalar\u0131 | T\u0131bb-\u0131 Nebevi\",\"isPartOf\":{\"@id\":\"https:\/\/www.hhyildirim.com\/#website\"},\"primaryImageOfPage\":{\"@id\":\"https:\/\/www.hhyildirim.com\/akademisyen\/#primaryimage\"},\"image\":{\"@id\":\"https:\/\/www.hhyildirim.com\/akademisyen\/#primaryimage\"},\"thumbnailUrl\":\"http:\/\/www.hhyildirim.com\/wp-content\/uploads\/2018\/11\/hhy-web.jpg\",\"datePublished\":\"2015-09-22T10:55:12+00:00\",\"dateModified\":\"2025-09-09T17:59:19+00:00\",\"breadcrumb\":{\"@id\":\"https:\/\/www.hhyildirim.com\/akademisyen\/#breadcrumb\"},\"inLanguage\":\"en-US\",\"potentialAction\":[{\"@type\":\"ReadAction\",\"target\":[\"https:\/\/www.hhyildirim.com\/akademisyen\/\"]}]},{\"@type\":\"ImageObject\",\"inLanguage\":\"en-US\",\"@id\":\"https:\/\/www.hhyildirim.com\/akademisyen\/#primaryimage\",\"url\":\"http:\/\/www.hhyildirim.com\/wp-content\/uploads\/2018\/11\/hhy-web.jpg\",\"contentUrl\":\"http:\/\/www.hhyildirim.com\/wp-content\/uploads\/2018\/11\/hhy-web.jpg\"},{\"@type\":\"BreadcrumbList\",\"@id\":\"https:\/\/www.hhyildirim.com\/akademisyen\/#breadcrumb\",\"itemListElement\":[{\"@type\":\"ListItem\",\"position\":1,\"name\":\"Ana sayfa\",\"item\":\"https:\/\/www.hhyildirim.com\/\"},{\"@type\":\"ListItem\",\"position\":2,\"name\":\"Akademisyen\"}]},{\"@type\":\"WebSite\",\"@id\":\"https:\/\/www.hhyildirim.com\/#website\",\"url\":\"https:\/\/www.hhyildirim.com\/\",\"name\":\"HHY | Hasan H\u00fcseyin Y\u0131ld\u0131r\u0131m | Sa\u011fl\u0131k Politikalar\u0131 | \u0130slam ve Sa\u011fl\u0131k Ara\u015ft\u0131rmalar\u0131 | T\u0131bb-\u0131 Nebevi\",\"description\":\"&quot;Sizlere de\u011fer katar&quot;\",\"potentialAction\":[{\"@type\":\"SearchAction\",\"target\":{\"@type\":\"EntryPoint\",\"urlTemplate\":\"https:\/\/www.hhyildirim.com\/?s={search_term_string}\"},\"query-input\":{\"@type\":\"PropertyValueSpecification\",\"valueRequired\":true,\"valueName\":\"search_term_string\"}}],\"inLanguage\":\"en-US\"}]}<\/script>\n<!-- \/ Yoast SEO plugin. -->","yoast_head_json":{"title":"Academician - HHY | Hasan H\u00fcseyin Y\u0131ld\u0131r\u0131m | Sa\u011fl\u0131k Politikalar\u0131 | \u0130slam ve Sa\u011fl\u0131k Ara\u015ft\u0131rmalar\u0131 | T\u0131bb-\u0131 Nebevi","robots":{"index":"index","follow":"follow","max-snippet":"max-snippet:-1","max-image-preview":"max-image-preview:large","max-video-preview":"max-video-preview:-1"},"canonical":"https:\/\/www.hhyildirim.com\/akademisyen\/","og_locale":"en_US","og_type":"article","og_title":"Academician - HHY | Hasan H\u00fcseyin Y\u0131ld\u0131r\u0131m | Sa\u011fl\u0131k Politikalar\u0131 | \u0130slam ve Sa\u011fl\u0131k Ara\u015ft\u0131rmalar\u0131 | T\u0131bb-\u0131 Nebevi","og_url":"https:\/\/www.hhyildirim.com\/akademisyen\/","og_site_name":"HHY | Hasan H\u00fcseyin Y\u0131ld\u0131r\u0131m | Sa\u011fl\u0131k Politikalar\u0131 | \u0130slam ve Sa\u011fl\u0131k Ara\u015ft\u0131rmalar\u0131 | T\u0131bb-\u0131 Nebevi","article_modified_time":"2025-09-09T17:59:19+00:00","og_image":[{"width":600,"height":400,"url":"https:\/\/www.hhyildirim.com\/wp-content\/uploads\/2018\/11\/hhy-web.jpg","type":"image\/jpeg"}],"twitter_card":"summary_large_image","twitter_misc":{"Est. reading time":"3 minutes"},"schema":{"@context":"https:\/\/schema.org","@graph":[{"@type":"WebPage","@id":"https:\/\/www.hhyildirim.com\/akademisyen\/","url":"https:\/\/www.hhyildirim.com\/akademisyen\/","name":"Academician - HHY | Hasan H\u00fcseyin Y\u0131ld\u0131r\u0131m | Sa\u011fl\u0131k Politikalar\u0131 | \u0130slam ve Sa\u011fl\u0131k Ara\u015ft\u0131rmalar\u0131 | T\u0131bb-\u0131 Nebevi","isPartOf":{"@id":"https:\/\/www.hhyildirim.com\/#website"},"primaryImageOfPage":{"@id":"https:\/\/www.hhyildirim.com\/akademisyen\/#primaryimage"},"image":{"@id":"https:\/\/www.hhyildirim.com\/akademisyen\/#primaryimage"},"thumbnailUrl":"http:\/\/www.hhyildirim.com\/wp-content\/uploads\/2018\/11\/hhy-web.jpg","datePublished":"2015-09-22T10:55:12+00:00","dateModified":"2025-09-09T17:59:19+00:00","breadcrumb":{"@id":"https:\/\/www.hhyildirim.com\/akademisyen\/#breadcrumb"},"inLanguage":"en-US","potentialAction":[{"@type":"ReadAction","target":["https:\/\/www.hhyildirim.com\/akademisyen\/"]}]},{"@type":"ImageObject","inLanguage":"en-US","@id":"https:\/\/www.hhyildirim.com\/akademisyen\/#primaryimage","url":"http:\/\/www.hhyildirim.com\/wp-content\/uploads\/2018\/11\/hhy-web.jpg","contentUrl":"http:\/\/www.hhyildirim.com\/wp-content\/uploads\/2018\/11\/hhy-web.jpg"},{"@type":"BreadcrumbList","@id":"https:\/\/www.hhyildirim.com\/akademisyen\/#breadcrumb","itemListElement":[{"@type":"ListItem","position":1,"name":"Ana sayfa","item":"https:\/\/www.hhyildirim.com\/"},{"@type":"ListItem","position":2,"name":"Akademisyen"}]},{"@type":"WebSite","@id":"https:\/\/www.hhyildirim.com\/#website","url":"https:\/\/www.hhyildirim.com\/","name":"HHY | Hasan H\u00fcseyin Y\u0131ld\u0131r\u0131m | Sa\u011fl\u0131k Politikalar\u0131 | \u0130slam ve Sa\u011fl\u0131k Ara\u015ft\u0131rmalar\u0131 | T\u0131bb-\u0131 Nebevi","description":"&quot;Sizlere de\u011fer katar&quot;","potentialAction":[{"@type":"SearchAction","target":{"@type":"EntryPoint","urlTemplate":"https:\/\/www.hhyildirim.com\/?s={search_term_string}"},"query-input":{"@type":"PropertyValueSpecification","valueRequired":true,"valueName":"search_term_string"}}],"inLanguage":"en-US"}]}},"_links":{"self":[{"href":"https:\/\/www.hhyildirim.com\/en\/wp-json\/wp\/v2\/pages\/2","targetHints":{"allow":["GET"]}}],"collection":[{"href":"https:\/\/www.hhyildirim.com\/en\/wp-json\/wp\/v2\/pages"}],"about":[{"href":"https:\/\/www.hhyildirim.com\/en\/wp-json\/wp\/v2\/types\/page"}],"author":[{"embeddable":true,"href":"https:\/\/www.hhyildirim.com\/en\/wp-json\/wp\/v2\/users\/1"}],"replies":[{"embeddable":true,"href":"https:\/\/www.hhyildirim.com\/en\/wp-json\/wp\/v2\/comments?post=2"}],"version-history":[{"count":36,"href":"https:\/\/www.hhyildirim.com\/en\/wp-json\/wp\/v2\/pages\/2\/revisions"}],"predecessor-version":[{"id":1539,"href":"https:\/\/www.hhyildirim.com\/en\/wp-json\/wp\/v2\/pages\/2\/revisions\/1539"}],"wp:attachment":[{"href":"https:\/\/www.hhyildirim.com\/en\/wp-json\/wp\/v2\/media?parent=2"}],"curies":[{"name":"wp","href":"https:\/\/api.w.org\/{rel}","templated":true}]}}