{"id":23,"date":"2015-09-24T01:00:19","date_gmt":"2015-09-23T22:00:19","guid":{"rendered":"http:\/\/www.hhyildirim.com\/?page_id=23"},"modified":"2026-04-07T22:44:28","modified_gmt":"2026-04-07T19:44:28","slug":"saglik-politikalari","status":"publish","type":"page","link":"https:\/\/www.hhyildirim.com\/en\/","title":{"rendered":"Anasayfa"},"content":{"rendered":"<p><div class=\"fusion-fullwidth fullwidth-box fusion-builder-row-1 has-pattern-background has-mask-background nonhundred-percent-fullwidth non-hundred-percent-height-scrolling\" style=\"--awb-border-sizes-top:0px;--awb-border-sizes-bottom:0px;--awb-border-sizes-left:0px;--awb-border-sizes-right:0px;--awb-border-radius-top-left:0px;--awb-border-radius-top-right:0px;--awb-border-radius-bottom-right:0px;--awb-border-radius-bottom-left:0px;--awb-padding-top:0px;--awb-padding-bottom:0px;--awb-margin-bottom:0px;--awb-flex-wrap:wrap;\" ><div class=\"fusion-builder-row fusion-row\"><div class=\"fusion-layout-column fusion_builder_column fusion-builder-column-0 fusion_builder_column_1_1 1_1 fusion-one-full fusion-column-first fusion-column-last\" style=\"--awb-bg-blend:overlay;--awb-bg-size:cover;\"><div class=\"fusion-column-wrapper fusion-flex-column-wrapper-legacy\"><div class=\"fusion-text fusion-text-1\"><p><\/p>\n<\/div><div class=\"fusion-clearfix\"><\/div><\/div><\/div><\/div><\/div><div class=\"fusion-fullwidth fullwidth-box fusion-builder-row-4 has-pattern-background has-mask-background hundred-percent-fullwidth non-hundred-percent-height-scrolling fusion-equal-height-columns\" style=\"--awb-border-sizes-top:0px;--awb-border-sizes-bottom:0px;--awb-border-sizes-left:0px;--awb-border-sizes-right:0px;--awb-border-radius-top-left:0px;--awb-border-radius-top-right:0px;--awb-border-radius-bottom-right:0px;--awb-border-radius-bottom-left:0px;--awb-padding-top:0px;--awb-padding-right:0px;--awb-padding-bottom:0px;--awb-padding-left:0px;--awb-margin-top:0px;--awb-margin-bottom:0px;--awb-flex-wrap:wrap;\" ><div class=\"fusion-builder-row fusion-row\"><div class=\"fusion-layout-column fusion_builder_column fusion-builder-column-5 fusion_builder_column_1_3 1_3 fusion-one-third fusion-column-first\" style=\"--awb-padding-top:0px;--awb-padding-right:0px;--awb-padding-bottom:0px;--awb-padding-left:0px;--awb-bg-blend:overlay;--awb-bg-size:cover;width:33.333333333333%;width:calc(33.333333333333% - ( ( %0 + %0 ) * 0.33333333333333 ) );margin-right: %0;\"><div class=\"fusion-column-wrapper fusion-flex-column-wrapper-legacy\"><div class=\"fusion-image-carousel fusion-image-carousel-auto fusion-image-carousel-4\"><div class=\"awb-carousel awb-swiper awb-swiper-carousel\" data-autoplay=\"no\" data-columns=\"1\" data-itemmargin=\"0\" data-itemwidth=\"180\" data-touchscroll=\"no\" data-imagesize=\"auto\" style=\"--awb-columns:1;--awb-column-spacing:0px;\"><div class=\"swiper-wrapper awb-image-carousel-wrapper fusion-flex-align-items-center\"><div class=\"swiper-slide\"><div class=\"fusion-carousel-item-wrapper\"><div class=\"fusion-image-wrapper hover-type-zoomin\"><a href=\"https:\/\/www.hhyildirim.com\/akademisyen\/\" target=\"_self\"><img decoding=\"async\" width=\"600\" height=\"400\" data-src=\"https:\/\/www.hhyildirim.com\/wp-content\/uploads\/2018\/12\/hhyweb.png\" class=\"attachment-full size-full lazyload\" alt=\"\" data-srcset=\"https:\/\/www.hhyildirim.com\/wp-content\/uploads\/2018\/12\/hhyweb-200x133.png 200w, https:\/\/www.hhyildirim.com\/wp-content\/uploads\/2018\/12\/hhyweb-300x200.png 300w, https:\/\/www.hhyildirim.com\/wp-content\/uploads\/2018\/12\/hhyweb-400x267.png 400w, https:\/\/www.hhyildirim.com\/wp-content\/uploads\/2018\/12\/hhyweb.png 600w\" data-sizes=\"(max-width: 600px) 100vw, 600px\" src=\"data:image\/gif;base64,R0lGODlhAQABAAAAACH5BAEKAAEALAAAAAABAAEAAAICTAEAOw==\" style=\"--smush-placeholder-width: 600px; --smush-placeholder-aspect-ratio: 600\/400;\" \/><\/a><\/div><\/div><\/div><\/div><div class=\"awb-swiper-button awb-swiper-button-prev\"><i class=\"awb-icon-angle-left\" aria-hidden=\"true\"><\/i><\/div><div class=\"awb-swiper-button awb-swiper-button-next\"><i class=\"awb-icon-angle-right\" aria-hidden=\"true\"><\/i><\/div><\/div><\/div><div class=\"fusion-text fusion-text-6\" style=\"--awb-text-transform:none;\"><h2 style=\"padding-left: 25px;\"><a href=\"https:\/\/www.hhyildirim.com\/en\/akademisyen\/\">Scholar<\/a><\/h2>\n<p style=\"padding-left: 25px; padding-right: 20px; text-align: justify;\">Specializing in health policies, Y\u0131ld\u0131r\u0131m&#8217;s work focuses on policy, management and economics related to health, health services and health systems.<\/p>\n<\/div><div class=\"fusion-clearfix\"><\/div><\/div><\/div><div class=\"fusion-layout-column fusion_builder_column fusion-builder-column-6 fusion_builder_column_1_3 1_3 fusion-one-third\" style=\"--awb-padding-top:0px;--awb-padding-right:0px;--awb-padding-bottom:0px;--awb-padding-left:0px;--awb-bg-blend:overlay;--awb-bg-size:cover;width:33.333333333333%;width:calc(33.333333333333% - ( ( %0 + %0 ) * 0.33333333333333 ) );margin-right: %0;\"><div class=\"fusion-column-wrapper fusion-flex-column-wrapper-legacy\"><div class=\"fusion-image-carousel fusion-image-carousel-auto fusion-image-carousel-5\"><div class=\"awb-carousel awb-swiper awb-swiper-carousel\" data-autoplay=\"yes\" data-columns=\"1\" data-itemmargin=\"0\" data-itemwidth=\"180\" data-touchscroll=\"yes\" data-imagesize=\"auto\" style=\"--awb-columns:1;--awb-column-spacing:0px;\"><div class=\"swiper-wrapper awb-image-carousel-wrapper fusion-flex-align-items-center\"><div class=\"swiper-slide\"><div class=\"fusion-carousel-item-wrapper\"><div class=\"fusion-image-wrapper hover-type-zoomin\"><img decoding=\"async\" width=\"601\" height=\"400\" data-src=\"https:\/\/www.hhyildirim.com\/wp-content\/uploads\/2015\/09\/web-03.png\" class=\"attachment-full size-full lazyload\" alt=\"HHY Speaker\" data-srcset=\"https:\/\/www.hhyildirim.com\/wp-content\/uploads\/2015\/09\/web-03-200x133.png 200w, https:\/\/www.hhyildirim.com\/wp-content\/uploads\/2015\/09\/web-03-300x200.png 300w, https:\/\/www.hhyildirim.com\/wp-content\/uploads\/2015\/09\/web-03-400x266.png 400w, https:\/\/www.hhyildirim.com\/wp-content\/uploads\/2015\/09\/web-03-600x399.png 600w, https:\/\/www.hhyildirim.com\/wp-content\/uploads\/2015\/09\/web-03.png 601w\" data-sizes=\"(max-width: 601px) 100vw, 601px\" src=\"data:image\/gif;base64,R0lGODlhAQABAAAAACH5BAEKAAEALAAAAAABAAEAAAICTAEAOw==\" style=\"--smush-placeholder-width: 601px; --smush-placeholder-aspect-ratio: 601\/400;\" \/><\/div><\/div><\/div><\/div><\/div><\/div><div class=\"fusion-text fusion-text-7\" style=\"--awb-text-transform:none;\"><h2 style=\"padding-left: 25px;\"><a href=\"https:\/\/www.hhyildirim.com\/en\/yazar\/\">Author &amp; Speaker<\/a><\/h2>\n<p style=\"padding-left: 25px; padding-right: 20px; text-align: justify;\">Hasan H\u00fcseyin Y\u0131ld\u0131r\u0131m writes on policy, economics, and management issues related to health, healthcare services, and healthcare systems. Recently, Y\u0131ld\u0131r\u0131m has also begun publishing works in the fields of Islamic, Health, and Medical Studies in general, and Prophetic Medicine in particular. Additionally, Y\u0131ld\u0131r\u0131m, seeking to share his scholarly knowledge based on the Tawhid\/Islamic thought system with others, organizes seminars\/talks\/discussions under the title &#8220;Readings of the Universe from Effect to Cause,&#8221; free of charge. For speaker requests, please contact: E-mail: hhyildirim2005@gmail.com<\/p>\n<\/div><div class=\"fusion-clearfix\"><\/div><\/div><\/div><div class=\"fusion-layout-column fusion_builder_column fusion-builder-column-7 fusion_builder_column_1_3 1_3 fusion-one-third fusion-column-last\" style=\"--awb-padding-top:0px;--awb-padding-right:0px;--awb-padding-bottom:0px;--awb-padding-left:0px;--awb-bg-blend:overlay;--awb-bg-size:cover;width:33.333333333333%;width:calc(33.333333333333% - ( ( %0 + %0 ) * 0.33333333333333 ) );\"><div class=\"fusion-column-wrapper fusion-flex-column-wrapper-legacy\"><div class=\"fusion-image-carousel fusion-image-carousel-auto fusion-image-carousel-6\"><div class=\"awb-carousel awb-swiper awb-swiper-carousel\" data-autoplay=\"yes\" data-columns=\"1\" data-itemmargin=\"0\" data-itemwidth=\"180\" data-touchscroll=\"yes\" data-imagesize=\"auto\" style=\"--awb-columns:1;--awb-column-spacing:0px;\"><div class=\"swiper-wrapper awb-image-carousel-wrapper fusion-flex-align-items-center\"><div class=\"swiper-slide\"><div class=\"fusion-carousel-item-wrapper\"><div class=\"fusion-image-wrapper hover-type-zoomin\"><img decoding=\"async\" width=\"601\" height=\"401\" data-src=\"https:\/\/www.hhyildirim.com\/wp-content\/uploads\/2025\/01\/tnm-kulliyat-100.jpg\" class=\"attachment-full size-full lazyload\" alt=\"\" data-srcset=\"https:\/\/www.hhyildirim.com\/wp-content\/uploads\/2025\/01\/tnm-kulliyat-100-177x118.jpg 177w, https:\/\/www.hhyildirim.com\/wp-content\/uploads\/2025\/01\/tnm-kulliyat-100-200x133.jpg 200w, https:\/\/www.hhyildirim.com\/wp-content\/uploads\/2025\/01\/tnm-kulliyat-100-300x200.jpg 300w, https:\/\/www.hhyildirim.com\/wp-content\/uploads\/2025\/01\/tnm-kulliyat-100-400x267.jpg 400w, https:\/\/www.hhyildirim.com\/wp-content\/uploads\/2025\/01\/tnm-kulliyat-100-460x307.jpg 460w, https:\/\/www.hhyildirim.com\/wp-content\/uploads\/2025\/01\/tnm-kulliyat-100-540x360.jpg 540w, https:\/\/www.hhyildirim.com\/wp-content\/uploads\/2025\/01\/tnm-kulliyat-100.jpg 601w\" data-sizes=\"(max-width: 601px) 100vw, 601px\" src=\"data:image\/gif;base64,R0lGODlhAQABAAAAACH5BAEKAAEALAAAAAABAAEAAAICTAEAOw==\" style=\"--smush-placeholder-width: 601px; --smush-placeholder-aspect-ratio: 601\/401;\" \/><\/div><\/div><\/div><div class=\"swiper-slide\"><div class=\"fusion-carousel-item-wrapper\"><div class=\"fusion-image-wrapper hover-type-zoomin\"><img decoding=\"async\" width=\"600\" height=\"400\" data-src=\"https:\/\/www.hhyildirim.com\/wp-content\/uploads\/2025\/01\/spmkitap-geleceginsaglikteknolojilerivesaglikpolitikalari.jpg\" class=\"attachment-full size-full lazyload\" alt=\"\" data-srcset=\"https:\/\/www.hhyildirim.com\/wp-content\/uploads\/2025\/01\/spmkitap-geleceginsaglikteknolojilerivesaglikpolitikalari-177x118.jpg 177w, https:\/\/www.hhyildirim.com\/wp-content\/uploads\/2025\/01\/spmkitap-geleceginsaglikteknolojilerivesaglikpolitikalari-200x133.jpg 200w, https:\/\/www.hhyildirim.com\/wp-content\/uploads\/2025\/01\/spmkitap-geleceginsaglikteknolojilerivesaglikpolitikalari-300x200.jpg 300w, https:\/\/www.hhyildirim.com\/wp-content\/uploads\/2025\/01\/spmkitap-geleceginsaglikteknolojilerivesaglikpolitikalari-400x267.jpg 400w, https:\/\/www.hhyildirim.com\/wp-content\/uploads\/2025\/01\/spmkitap-geleceginsaglikteknolojilerivesaglikpolitikalari-460x307.jpg 460w, https:\/\/www.hhyildirim.com\/wp-content\/uploads\/2025\/01\/spmkitap-geleceginsaglikteknolojilerivesaglikpolitikalari-540x360.jpg 540w, https:\/\/www.hhyildirim.com\/wp-content\/uploads\/2025\/01\/spmkitap-geleceginsaglikteknolojilerivesaglikpolitikalari.jpg 600w\" data-sizes=\"(max-width: 600px) 100vw, 600px\" src=\"data:image\/gif;base64,R0lGODlhAQABAAAAACH5BAEKAAEALAAAAAABAAEAAAICTAEAOw==\" style=\"--smush-placeholder-width: 600px; --smush-placeholder-aspect-ratio: 600\/400;\" \/><\/div><\/div><\/div><div class=\"swiper-slide\"><div class=\"fusion-carousel-item-wrapper\"><div class=\"fusion-image-wrapper hover-type-zoomin\"><img decoding=\"async\" width=\"600\" height=\"400\" data-src=\"https:\/\/www.hhyildirim.com\/wp-content\/uploads\/2022\/11\/healthsystemsinactionturkiye.png\" class=\"attachment-full size-full lazyload\" alt=\"\" data-srcset=\"https:\/\/www.hhyildirim.com\/wp-content\/uploads\/2022\/11\/healthsystemsinactionturkiye-200x133.png 200w, https:\/\/www.hhyildirim.com\/wp-content\/uploads\/2022\/11\/healthsystemsinactionturkiye-300x200.png 300w, https:\/\/www.hhyildirim.com\/wp-content\/uploads\/2022\/11\/healthsystemsinactionturkiye-400x267.png 400w, https:\/\/www.hhyildirim.com\/wp-content\/uploads\/2022\/11\/healthsystemsinactionturkiye.png 600w\" data-sizes=\"(max-width: 600px) 100vw, 600px\" src=\"data:image\/gif;base64,R0lGODlhAQABAAAAACH5BAEKAAEALAAAAAABAAEAAAICTAEAOw==\" style=\"--smush-placeholder-width: 600px; --smush-placeholder-aspect-ratio: 600\/400;\" \/><\/div><\/div><\/div><div class=\"swiper-slide\"><div class=\"fusion-carousel-item-wrapper\"><div class=\"fusion-image-wrapper hover-type-zoomin\"><img decoding=\"async\" width=\"600\" height=\"400\" data-src=\"https:\/\/www.hhyildirim.com\/wp-content\/uploads\/2022\/11\/2040vizyonu-turkiye-tecrubesi-kitapcover.png\" class=\"attachment-full size-full lazyload\" alt=\"\" data-srcset=\"https:\/\/www.hhyildirim.com\/wp-content\/uploads\/2022\/11\/2040vizyonu-turkiye-tecrubesi-kitapcover-200x133.png 200w, https:\/\/www.hhyildirim.com\/wp-content\/uploads\/2022\/11\/2040vizyonu-turkiye-tecrubesi-kitapcover-300x200.png 300w, https:\/\/www.hhyildirim.com\/wp-content\/uploads\/2022\/11\/2040vizyonu-turkiye-tecrubesi-kitapcover-400x267.png 400w, https:\/\/www.hhyildirim.com\/wp-content\/uploads\/2022\/11\/2040vizyonu-turkiye-tecrubesi-kitapcover.png 600w\" data-sizes=\"(max-width: 600px) 100vw, 600px\" src=\"data:image\/gif;base64,R0lGODlhAQABAAAAACH5BAEKAAEALAAAAAABAAEAAAICTAEAOw==\" style=\"--smush-placeholder-width: 600px; --smush-placeholder-aspect-ratio: 600\/400;\" \/><\/div><\/div><\/div><div class=\"swiper-slide\"><div class=\"fusion-carousel-item-wrapper\"><div class=\"fusion-image-wrapper hover-type-zoomin\"><img decoding=\"async\" width=\"600\" height=\"400\" data-src=\"https:\/\/www.hhyildirim.com\/wp-content\/uploads\/2022\/08\/spmkitap-tsspa.jpg\" class=\"attachment-full size-full lazyload\" alt=\"\" data-srcset=\"https:\/\/www.hhyildirim.com\/wp-content\/uploads\/2022\/08\/spmkitap-tsspa-200x133.jpg 200w, https:\/\/www.hhyildirim.com\/wp-content\/uploads\/2022\/08\/spmkitap-tsspa-300x200.jpg 300w, https:\/\/www.hhyildirim.com\/wp-content\/uploads\/2022\/08\/spmkitap-tsspa-400x267.jpg 400w, https:\/\/www.hhyildirim.com\/wp-content\/uploads\/2022\/08\/spmkitap-tsspa.jpg 600w\" data-sizes=\"(max-width: 600px) 100vw, 600px\" src=\"data:image\/gif;base64,R0lGODlhAQABAAAAACH5BAEKAAEALAAAAAABAAEAAAICTAEAOw==\" style=\"--smush-placeholder-width: 600px; --smush-placeholder-aspect-ratio: 600\/400;\" \/><\/div><\/div><\/div><div class=\"swiper-slide\"><div class=\"fusion-carousel-item-wrapper\"><div class=\"fusion-image-wrapper hover-type-zoomin\"><img decoding=\"async\" width=\"600\" height=\"400\" data-src=\"https:\/\/www.hhyildirim.com\/wp-content\/uploads\/2022\/07\/spy-hhyildirim.jpg\" class=\"attachment-full size-full lazyload\" alt=\"\" data-srcset=\"https:\/\/www.hhyildirim.com\/wp-content\/uploads\/2022\/07\/spy-hhyildirim-200x133.jpg 200w, https:\/\/www.hhyildirim.com\/wp-content\/uploads\/2022\/07\/spy-hhyildirim-300x200.jpg 300w, https:\/\/www.hhyildirim.com\/wp-content\/uploads\/2022\/07\/spy-hhyildirim-400x267.jpg 400w, https:\/\/www.hhyildirim.com\/wp-content\/uploads\/2022\/07\/spy-hhyildirim.jpg 600w\" data-sizes=\"(max-width: 600px) 100vw, 600px\" src=\"data:image\/gif;base64,R0lGODlhAQABAAAAACH5BAEKAAEALAAAAAABAAEAAAICTAEAOw==\" style=\"--smush-placeholder-width: 600px; --smush-placeholder-aspect-ratio: 600\/400;\" \/><\/div><\/div><\/div><div class=\"swiper-slide\"><div class=\"fusion-carousel-item-wrapper\"><div class=\"fusion-image-wrapper hover-type-zoomin\"><img decoding=\"async\" width=\"600\" height=\"400\" data-src=\"https:\/\/www.hhyildirim.com\/wp-content\/uploads\/2022\/03\/hhyildirim-hpbsbooks.jpg\" class=\"attachment-full size-full lazyload\" alt=\"\" data-srcset=\"https:\/\/www.hhyildirim.com\/wp-content\/uploads\/2022\/03\/hhyildirim-hpbsbooks-200x133.jpg 200w, https:\/\/www.hhyildirim.com\/wp-content\/uploads\/2022\/03\/hhyildirim-hpbsbooks-300x200.jpg 300w, https:\/\/www.hhyildirim.com\/wp-content\/uploads\/2022\/03\/hhyildirim-hpbsbooks-400x267.jpg 400w, https:\/\/www.hhyildirim.com\/wp-content\/uploads\/2022\/03\/hhyildirim-hpbsbooks.jpg 600w\" data-sizes=\"(max-width: 600px) 100vw, 600px\" src=\"data:image\/gif;base64,R0lGODlhAQABAAAAACH5BAEKAAEALAAAAAABAAEAAAICTAEAOw==\" style=\"--smush-placeholder-width: 600px; --smush-placeholder-aspect-ratio: 600\/400;\" \/><\/div><\/div><\/div><div class=\"swiper-slide\"><div class=\"fusion-carousel-item-wrapper\"><div class=\"fusion-image-wrapper hover-type-zoomin\"><img decoding=\"async\" width=\"600\" height=\"400\" data-src=\"https:\/\/www.hhyildirim.com\/wp-content\/uploads\/2021\/03\/hhyildirimslider-5.jpg\" class=\"attachment-full size-full lazyload\" alt=\"\" data-srcset=\"https:\/\/www.hhyildirim.com\/wp-content\/uploads\/2021\/03\/hhyildirimslider-5-200x133.jpg 200w, https:\/\/www.hhyildirim.com\/wp-content\/uploads\/2021\/03\/hhyildirimslider-5-300x200.jpg 300w, https:\/\/www.hhyildirim.com\/wp-content\/uploads\/2021\/03\/hhyildirimslider-5-400x267.jpg 400w, https:\/\/www.hhyildirim.com\/wp-content\/uploads\/2021\/03\/hhyildirimslider-5.jpg 600w\" data-sizes=\"(max-width: 600px) 100vw, 600px\" src=\"data:image\/gif;base64,R0lGODlhAQABAAAAACH5BAEKAAEALAAAAAABAAEAAAICTAEAOw==\" style=\"--smush-placeholder-width: 600px; --smush-placeholder-aspect-ratio: 600\/400;\" \/><\/div><\/div><\/div><div class=\"swiper-slide\"><div class=\"fusion-carousel-item-wrapper\"><div class=\"fusion-image-wrapper hover-type-zoomin\"><img decoding=\"async\" width=\"600\" height=\"400\" data-src=\"https:\/\/www.hhyildirim.com\/wp-content\/uploads\/2021\/02\/hhyildirimslider2.jpg\" class=\"attachment-full size-full lazyload\" alt=\"\" data-srcset=\"https:\/\/www.hhyildirim.com\/wp-content\/uploads\/2021\/02\/hhyildirimslider2-200x133.jpg 200w, https:\/\/www.hhyildirim.com\/wp-content\/uploads\/2021\/02\/hhyildirimslider2-300x200.jpg 300w, https:\/\/www.hhyildirim.com\/wp-content\/uploads\/2021\/02\/hhyildirimslider2-400x267.jpg 400w, https:\/\/www.hhyildirim.com\/wp-content\/uploads\/2021\/02\/hhyildirimslider2.jpg 600w\" data-sizes=\"(max-width: 600px) 100vw, 600px\" src=\"data:image\/gif;base64,R0lGODlhAQABAAAAACH5BAEKAAEALAAAAAABAAEAAAICTAEAOw==\" style=\"--smush-placeholder-width: 600px; --smush-placeholder-aspect-ratio: 600\/400;\" \/><\/div><\/div><\/div><div class=\"swiper-slide\"><div class=\"fusion-carousel-item-wrapper\"><div class=\"fusion-image-wrapper hover-type-zoomin\"><img decoding=\"async\" width=\"600\" height=\"400\" data-src=\"https:\/\/www.hhyildirim.com\/wp-content\/uploads\/2021\/03\/hhyildirimslider3.jpg\" class=\"attachment-full size-full lazyload\" alt=\"\" data-srcset=\"https:\/\/www.hhyildirim.com\/wp-content\/uploads\/2021\/03\/hhyildirimslider3-200x133.jpg 200w, https:\/\/www.hhyildirim.com\/wp-content\/uploads\/2021\/03\/hhyildirimslider3-300x200.jpg 300w, https:\/\/www.hhyildirim.com\/wp-content\/uploads\/2021\/03\/hhyildirimslider3-400x267.jpg 400w, https:\/\/www.hhyildirim.com\/wp-content\/uploads\/2021\/03\/hhyildirimslider3.jpg 600w\" data-sizes=\"(max-width: 600px) 100vw, 600px\" src=\"data:image\/gif;base64,R0lGODlhAQABAAAAACH5BAEKAAEALAAAAAABAAEAAAICTAEAOw==\" style=\"--smush-placeholder-width: 600px; --smush-placeholder-aspect-ratio: 600\/400;\" \/><\/div><\/div><\/div><\/div><\/div><\/div><div class=\"fusion-text fusion-text-8\" style=\"--awb-text-transform:none;\"><h2 style=\"padding-left: 25px;\"><a href=\"https:\/\/www.hhyildirim.com\/en\/yazar\/\">Publications<\/a><\/h2>\n<p style=\"padding-left: 25px; padding-right: 20px; text-align: justify;\"><a href=\"https:\/\/www.hhyildirim.com\/yazar\/\">Hasan H\u00fcseyin Y\u0131ld\u0131r\u0131m has a large number of works on health, health services and health systems related politics, economy and management. Click to access the works.<\/a><a href=\"https:\/\/www.hhyildirim.com\/en\/yazar\/\">\u00a0Click to access the works.<\/a><\/p>\n<\/div><div class=\"fusion-clearfix\"><\/div><\/div><\/div><\/div><\/div><\/p>","protected":false},"excerpt":{"rendered":"","protected":false},"author":1,"featured_media":0,"parent":0,"menu_order":0,"comment_status":"closed","ping_status":"closed","template":"100-width.php","meta":{"footnotes":""},"class_list":["post-23","page","type-page","status-publish","hentry"],"yoast_head":"<!-- This site is optimized with the Yoast SEO plugin v24.4 - https:\/\/yoast.com\/wordpress\/plugins\/seo\/ -->\n<title>Anasayfa - HHY | Hasan H\u00fcseyin Y\u0131ld\u0131r\u0131m | Sa\u011fl\u0131k Politikalar\u0131 | \u0130slam ve Sa\u011fl\u0131k Ara\u015ft\u0131rmalar\u0131 | T\u0131bb-\u0131 Nebevi<\/title>\n<meta name=\"description\" content=\"Sa\u011fl\u0131k Politikalar\u0131, \u0130slam ve Sa\u011fl\u0131k Ara\u015ft\u0131rmalar\u0131, T\u0131bb-\u0131 Nebevi\" \/>\n<meta name=\"robots\" content=\"index, follow, max-snippet:-1, max-image-preview:large, max-video-preview:-1\" \/>\n<link rel=\"canonical\" href=\"https:\/\/www.hhyildirim.com\/\" \/>\n<meta property=\"og:locale\" content=\"en_US\" \/>\n<meta property=\"og:type\" content=\"article\" \/>\n<meta property=\"og:title\" content=\"Anasayfa - HHY | Hasan H\u00fcseyin Y\u0131ld\u0131r\u0131m | Sa\u011fl\u0131k Politikalar\u0131 | \u0130slam ve Sa\u011fl\u0131k Ara\u015ft\u0131rmalar\u0131 | T\u0131bb-\u0131 Nebevi\" \/>\n<meta property=\"og:description\" content=\"Sa\u011fl\u0131k Politikalar\u0131, \u0130slam ve Sa\u011fl\u0131k Ara\u015ft\u0131rmalar\u0131, T\u0131bb-\u0131 Nebevi\" \/>\n<meta property=\"og:url\" content=\"https:\/\/www.hhyildirim.com\/\" \/>\n<meta property=\"og:site_name\" content=\"HHY | Hasan H\u00fcseyin Y\u0131ld\u0131r\u0131m | Sa\u011fl\u0131k Politikalar\u0131 | \u0130slam ve Sa\u011fl\u0131k Ara\u015ft\u0131rmalar\u0131 | T\u0131bb-\u0131 Nebevi\" \/>\n<meta property=\"article:modified_time\" content=\"2026-04-07T19:44:28+00:00\" \/>\n<meta name=\"twitter:card\" content=\"summary_large_image\" \/>\n<meta name=\"twitter:label1\" content=\"Est. reading time\" \/>\n\t<meta name=\"twitter:data1\" content=\"3 minutes\" \/>\n<script type=\"application\/ld+json\" class=\"yoast-schema-graph\">{\"@context\":\"https:\/\/schema.org\",\"@graph\":[{\"@type\":\"WebPage\",\"@id\":\"https:\/\/www.hhyildirim.com\/\",\"url\":\"https:\/\/www.hhyildirim.com\/\",\"name\":\"Anasayfa - HHY | Hasan H\u00fcseyin Y\u0131ld\u0131r\u0131m | Sa\u011fl\u0131k Politikalar\u0131 | \u0130slam ve Sa\u011fl\u0131k Ara\u015ft\u0131rmalar\u0131 | T\u0131bb-\u0131 Nebevi\",\"isPartOf\":{\"@id\":\"https:\/\/www.hhyildirim.com\/#website\"},\"datePublished\":\"2015-09-23T22:00:19+00:00\",\"dateModified\":\"2026-04-07T19:44:28+00:00\",\"description\":\"Sa\u011fl\u0131k Politikalar\u0131, \u0130slam ve Sa\u011fl\u0131k Ara\u015ft\u0131rmalar\u0131, T\u0131bb-\u0131 Nebevi\",\"breadcrumb\":{\"@id\":\"https:\/\/www.hhyildirim.com\/#breadcrumb\"},\"inLanguage\":\"en-US\",\"potentialAction\":[{\"@type\":\"ReadAction\",\"target\":[\"https:\/\/www.hhyildirim.com\/\"]}]},{\"@type\":\"BreadcrumbList\",\"@id\":\"https:\/\/www.hhyildirim.com\/#breadcrumb\",\"itemListElement\":[{\"@type\":\"ListItem\",\"position\":1,\"name\":\"Ana sayfa\",\"item\":\"https:\/\/www.hhyildirim.com\/\"},{\"@type\":\"ListItem\",\"position\":2,\"name\":\"Anasayfa\"}]},{\"@type\":\"WebSite\",\"@id\":\"https:\/\/www.hhyildirim.com\/#website\",\"url\":\"https:\/\/www.hhyildirim.com\/\",\"name\":\"HHY | Hasan H\u00fcseyin Y\u0131ld\u0131r\u0131m | Sa\u011fl\u0131k Politikalar\u0131 | \u0130slam ve Sa\u011fl\u0131k Ara\u015ft\u0131rmalar\u0131 | T\u0131bb-\u0131 Nebevi\",\"description\":\"&quot;Sizlere de\u011fer katar&quot;\",\"potentialAction\":[{\"@type\":\"SearchAction\",\"target\":{\"@type\":\"EntryPoint\",\"urlTemplate\":\"https:\/\/www.hhyildirim.com\/?s={search_term_string}\"},\"query-input\":{\"@type\":\"PropertyValueSpecification\",\"valueRequired\":true,\"valueName\":\"search_term_string\"}}],\"inLanguage\":\"en-US\"}]}<\/script>\n<!-- \/ Yoast SEO plugin. -->","yoast_head_json":{"title":"Anasayfa - HHY | Hasan H\u00fcseyin Y\u0131ld\u0131r\u0131m | Sa\u011fl\u0131k Politikalar\u0131 | \u0130slam ve Sa\u011fl\u0131k Ara\u015ft\u0131rmalar\u0131 | T\u0131bb-\u0131 Nebevi","description":"Sa\u011fl\u0131k Politikalar\u0131, \u0130slam ve Sa\u011fl\u0131k Ara\u015ft\u0131rmalar\u0131, T\u0131bb-\u0131 Nebevi","robots":{"index":"index","follow":"follow","max-snippet":"max-snippet:-1","max-image-preview":"max-image-preview:large","max-video-preview":"max-video-preview:-1"},"canonical":"https:\/\/www.hhyildirim.com\/","og_locale":"en_US","og_type":"article","og_title":"Anasayfa - HHY | Hasan H\u00fcseyin Y\u0131ld\u0131r\u0131m | Sa\u011fl\u0131k Politikalar\u0131 | \u0130slam ve Sa\u011fl\u0131k Ara\u015ft\u0131rmalar\u0131 | T\u0131bb-\u0131 Nebevi","og_description":"Sa\u011fl\u0131k Politikalar\u0131, \u0130slam ve Sa\u011fl\u0131k Ara\u015ft\u0131rmalar\u0131, T\u0131bb-\u0131 Nebevi","og_url":"https:\/\/www.hhyildirim.com\/","og_site_name":"HHY | Hasan H\u00fcseyin Y\u0131ld\u0131r\u0131m | Sa\u011fl\u0131k Politikalar\u0131 | \u0130slam ve Sa\u011fl\u0131k Ara\u015ft\u0131rmalar\u0131 | T\u0131bb-\u0131 Nebevi","article_modified_time":"2026-04-07T19:44:28+00:00","twitter_card":"summary_large_image","twitter_misc":{"Est. reading time":"3 minutes"},"schema":{"@context":"https:\/\/schema.org","@graph":[{"@type":"WebPage","@id":"https:\/\/www.hhyildirim.com\/","url":"https:\/\/www.hhyildirim.com\/","name":"Anasayfa - HHY | Hasan H\u00fcseyin Y\u0131ld\u0131r\u0131m | Sa\u011fl\u0131k Politikalar\u0131 | \u0130slam ve Sa\u011fl\u0131k Ara\u015ft\u0131rmalar\u0131 | T\u0131bb-\u0131 Nebevi","isPartOf":{"@id":"https:\/\/www.hhyildirim.com\/#website"},"datePublished":"2015-09-23T22:00:19+00:00","dateModified":"2026-04-07T19:44:28+00:00","description":"Sa\u011fl\u0131k Politikalar\u0131, \u0130slam ve Sa\u011fl\u0131k Ara\u015ft\u0131rmalar\u0131, T\u0131bb-\u0131 Nebevi","breadcrumb":{"@id":"https:\/\/www.hhyildirim.com\/#breadcrumb"},"inLanguage":"en-US","potentialAction":[{"@type":"ReadAction","target":["https:\/\/www.hhyildirim.com\/"]}]},{"@type":"BreadcrumbList","@id":"https:\/\/www.hhyildirim.com\/#breadcrumb","itemListElement":[{"@type":"ListItem","position":1,"name":"Ana sayfa","item":"https:\/\/www.hhyildirim.com\/"},{"@type":"ListItem","position":2,"name":"Anasayfa"}]},{"@type":"WebSite","@id":"https:\/\/www.hhyildirim.com\/#website","url":"https:\/\/www.hhyildirim.com\/","name":"HHY | Hasan H\u00fcseyin Y\u0131ld\u0131r\u0131m | Sa\u011fl\u0131k Politikalar\u0131 | \u0130slam ve Sa\u011fl\u0131k Ara\u015ft\u0131rmalar\u0131 | T\u0131bb-\u0131 Nebevi","description":"&quot;Sizlere de\u011fer katar&quot;","potentialAction":[{"@type":"SearchAction","target":{"@type":"EntryPoint","urlTemplate":"https:\/\/www.hhyildirim.com\/?s={search_term_string}"},"query-input":{"@type":"PropertyValueSpecification","valueRequired":true,"valueName":"search_term_string"}}],"inLanguage":"en-US"}]}},"_links":{"self":[{"href":"https:\/\/www.hhyildirim.com\/en\/wp-json\/wp\/v2\/pages\/23","targetHints":{"allow":["GET"]}}],"collection":[{"href":"https:\/\/www.hhyildirim.com\/en\/wp-json\/wp\/v2\/pages"}],"about":[{"href":"https:\/\/www.hhyildirim.com\/en\/wp-json\/wp\/v2\/types\/page"}],"author":[{"embeddable":true,"href":"https:\/\/www.hhyildirim.com\/en\/wp-json\/wp\/v2\/users\/1"}],"replies":[{"embeddable":true,"href":"https:\/\/www.hhyildirim.com\/en\/wp-json\/wp\/v2\/comments?post=23"}],"version-history":[{"count":95,"href":"https:\/\/www.hhyildirim.com\/en\/wp-json\/wp\/v2\/pages\/23\/revisions"}],"predecessor-version":[{"id":1565,"href":"https:\/\/www.hhyildirim.com\/en\/wp-json\/wp\/v2\/pages\/23\/revisions\/1565"}],"wp:attachment":[{"href":"https:\/\/www.hhyildirim.com\/en\/wp-json\/wp\/v2\/media?parent=23"}],"curies":[{"name":"wp","href":"https:\/\/api.w.org\/{rel}","templated":true}]}}