{"id":7,"date":"2015-09-22T14:10:24","date_gmt":"2015-09-22T11:10:24","guid":{"rendered":"http:\/\/www.hhyildirim.com\/?page_id=7"},"modified":"2026-01-19T20:21:14","modified_gmt":"2026-01-19T17:21:14","slug":"yazar","status":"publish","type":"page","link":"https:\/\/www.hhyildirim.com\/en\/yazar\/","title":{"rendered":"Author"},"content":{"rendered":"<div class=\"fusion-fullwidth fullwidth-box fusion-builder-row-1 nonhundred-percent-fullwidth non-hundred-percent-height-scrolling\" style=\"--awb-border-sizes-top:0px;--awb-border-sizes-bottom:0px;--awb-border-sizes-left:0px;--awb-border-sizes-right:0px;--awb-border-radius-top-left:0px;--awb-border-radius-top-right:0px;--awb-border-radius-bottom-right:0px;--awb-border-radius-bottom-left:0px;--awb-padding-top:20px;--awb-padding-bottom:20px;--awb-flex-wrap:wrap;\" ><div class=\"fusion-builder-row fusion-row\"><div class=\"fusion-layout-column fusion_builder_column fusion-builder-column-0 fusion_builder_column_1_4 1_4 fusion-one-fourth fusion-column-first fusion-column-inner-bg-wrapper\" style=\"--awb-inner-bg-size:cover;--awb-margin-top:10px;--awb-margin-bottom:10px;width:25%;width:calc(25% - ( ( 4% + 4% + 4% ) * 0.25 ) );margin-right: 4%;\"><span class=\"fusion-column-inner-bg hover-type-none\"><a class=\"fusion-column-anchor\" href=\"https:\/\/www.absamyayinlari.com\/\" rel=\"noopener noreferrer\" target=\"_blank\"><span class=\"fusion-column-inner-bg-image\"><\/span><\/a><\/span><div class=\"fusion-column-wrapper fusion-column-has-shadow fusion-flex-column-wrapper-legacy\"><div class=\"fusion-image-element fusion-image-align-center in-legacy-container\" style=\"text-align:center;--awb-caption-title-font-family:var(--h2_typography-font-family);--awb-caption-title-font-weight:var(--h2_typography-font-weight);--awb-caption-title-font-style:var(--h2_typography-font-style);--awb-caption-title-size:var(--h2_typography-font-size);--awb-caption-title-transform:var(--h2_typography-text-transform);--awb-caption-title-line-height:var(--h2_typography-line-height);--awb-caption-title-letter-spacing:var(--h2_typography-letter-spacing);\"><div class=\"imageframe-align-center\"><span class=\" fusion-imageframe imageframe-none imageframe-1 hover-type-zoomin\"><img decoding=\"async\" width=\"200\" height=\"200\" title=\"spmkitap\" data-src=\"https:\/\/www.hhyildirim.com\/wp-content\/uploads\/2022\/06\/spmkitap-200x200.png\" alt class=\"img-responsive wp-image-1358 lazyload\" data-srcset=\"https:\/\/www.hhyildirim.com\/wp-content\/uploads\/2022\/06\/spmkitap-200x200.png 200w, https:\/\/www.hhyildirim.com\/wp-content\/uploads\/2022\/06\/spmkitap-400x400.png 400w, https:\/\/www.hhyildirim.com\/wp-content\/uploads\/2022\/06\/spmkitap.png 450w\" data-sizes=\"(max-width: 800px) 100vw, 400px\" src=\"data:image\/gif;base64,R0lGODlhAQABAAAAACH5BAEKAAEALAAAAAABAAEAAAICTAEAOw==\" style=\"--smush-placeholder-width: 200px; --smush-placeholder-aspect-ratio: 200\/200;\" \/><\/span><\/div><\/div><div class=\"fusion-aligncenter\"><a class=\"fusion-button button-flat fusion-button-default-size button-default fusion-button-default button-1 fusion-button-default-span fusion-button-default-type\" style=\"--button_margin-top:10px;\" target=\"_blank\" rel=\"noopener noreferrer\" href=\"https:\/\/www.absamyayinlari.com\/\"><span class=\"fusion-button-text\">SPM Book<\/span><\/a><\/div><div class=\"fusion-clearfix\"><\/div><\/div><\/div><div class=\"fusion-layout-column fusion_builder_column fusion-builder-column-1 fusion_builder_column_1_4 1_4 fusion-one-fourth fusion-column-inner-bg-wrapper\" style=\"--awb-inner-bg-size:cover;--awb-margin-top:10px;--awb-margin-bottom:10px;width:25%;width:calc(25% - ( ( 4% + 4% + 4% ) * 0.25 ) );margin-right: 4%;\"><span class=\"fusion-column-inner-bg hover-type-none\"><a class=\"fusion-column-anchor\" href=\"https:\/\/www.healthpolicybooks.com\" rel=\"noopener noreferrer\" target=\"_blank\"><span class=\"fusion-column-inner-bg-image\"><\/span><\/a><\/span><div class=\"fusion-column-wrapper fusion-column-has-shadow fusion-flex-column-wrapper-legacy\"><div class=\"fusion-image-element fusion-image-align-center in-legacy-container\" style=\"text-align:center;--awb-caption-title-font-family:var(--h2_typography-font-family);--awb-caption-title-font-weight:var(--h2_typography-font-weight);--awb-caption-title-font-style:var(--h2_typography-font-style);--awb-caption-title-size:var(--h2_typography-font-size);--awb-caption-title-transform:var(--h2_typography-text-transform);--awb-caption-title-line-height:var(--h2_typography-line-height);--awb-caption-title-letter-spacing:var(--h2_typography-letter-spacing);\"><div class=\"imageframe-align-center\"><span class=\" fusion-imageframe imageframe-none imageframe-2 hover-type-zoomin\"><img decoding=\"async\" width=\"200\" height=\"200\" title=\"hpb\" data-src=\"https:\/\/www.hhyildirim.com\/wp-content\/uploads\/2022\/06\/hpb-200x200.png\" alt class=\"img-responsive wp-image-1361 lazyload\" data-srcset=\"https:\/\/www.hhyildirim.com\/wp-content\/uploads\/2022\/06\/hpb-200x200.png 200w, https:\/\/www.hhyildirim.com\/wp-content\/uploads\/2022\/06\/hpb-400x400.png 400w, https:\/\/www.hhyildirim.com\/wp-content\/uploads\/2022\/06\/hpb.png 450w\" data-sizes=\"(max-width: 800px) 100vw, 400px\" src=\"data:image\/gif;base64,R0lGODlhAQABAAAAACH5BAEKAAEALAAAAAABAAEAAAICTAEAOw==\" style=\"--smush-placeholder-width: 200px; --smush-placeholder-aspect-ratio: 200\/200;\" \/><\/span><\/div><\/div><div class=\"fusion-aligncenter\"><a class=\"fusion-button button-flat fusion-button-default-size button-default fusion-button-default button-2 fusion-button-default-span fusion-button-default-type\" style=\"--button_margin-top:10px;\" target=\"_blank\" rel=\"noopener noreferrer\" href=\"https:\/\/www.healthpolicybooks.com\"><span class=\"fusion-button-text\">HEALTH POLICY BOOKS<\/span><\/a><\/div><div class=\"fusion-clearfix\"><\/div><\/div><\/div><div class=\"fusion-layout-column fusion_builder_column fusion-builder-column-2 fusion_builder_column_1_4 1_4 fusion-one-fourth fusion-column-inner-bg-wrapper\" style=\"--awb-inner-bg-size:cover;--awb-margin-top:10px;--awb-margin-bottom:10px;width:25%;width:calc(25% - ( ( 4% + 4% + 4% ) * 0.25 ) );margin-right: 4%;\"><span class=\"fusion-column-inner-bg hover-type-none\"><a class=\"fusion-column-anchor\" href=\"https:\/\/www.tibbinebevimerkezi.com\" rel=\"noopener noreferrer\" target=\"_blank\"><span class=\"fusion-column-inner-bg-image\"><\/span><\/a><\/span><div class=\"fusion-column-wrapper fusion-column-has-shadow fusion-flex-column-wrapper-legacy\"><div class=\"fusion-image-element fusion-image-align-center in-legacy-container\" style=\"text-align:center;--awb-caption-title-font-family:var(--h2_typography-font-family);--awb-caption-title-font-weight:var(--h2_typography-font-weight);--awb-caption-title-font-style:var(--h2_typography-font-style);--awb-caption-title-size:var(--h2_typography-font-size);--awb-caption-title-transform:var(--h2_typography-text-transform);--awb-caption-title-line-height:var(--h2_typography-line-height);--awb-caption-title-letter-spacing:var(--h2_typography-letter-spacing);\"><div class=\"imageframe-align-center\"><span class=\" fusion-imageframe imageframe-none imageframe-3 hover-type-zoomin\"><img decoding=\"async\" width=\"200\" height=\"200\" title=\"tnmkitap\" data-src=\"https:\/\/www.hhyildirim.com\/wp-content\/uploads\/2022\/06\/tnmkitap-200x200.png\" alt class=\"img-responsive wp-image-1359 lazyload\" data-srcset=\"https:\/\/www.hhyildirim.com\/wp-content\/uploads\/2022\/06\/tnmkitap-200x200.png 200w, https:\/\/www.hhyildirim.com\/wp-content\/uploads\/2022\/06\/tnmkitap-400x400.png 400w, https:\/\/www.hhyildirim.com\/wp-content\/uploads\/2022\/06\/tnmkitap.png 450w\" data-sizes=\"(max-width: 800px) 100vw, 400px\" src=\"data:image\/gif;base64,R0lGODlhAQABAAAAACH5BAEKAAEALAAAAAABAAEAAAICTAEAOw==\" style=\"--smush-placeholder-width: 200px; --smush-placeholder-aspect-ratio: 200\/200;\" \/><\/span><\/div><\/div><div class=\"fusion-aligncenter\"><a class=\"fusion-button button-flat fusion-button-default-size button-default fusion-button-default button-3 fusion-button-default-span fusion-button-default-type\" style=\"--button_margin-top:10px;\" target=\"_blank\" rel=\"noopener noreferrer\" href=\"https:\/\/www.tibbinebevimerkezi.com\"><span class=\"fusion-button-text\">TNM Book<\/span><\/a><\/div><div class=\"fusion-clearfix\"><\/div><\/div><\/div><div class=\"fusion-layout-column fusion_builder_column fusion-builder-column-3 fusion_builder_column_1_4 1_4 fusion-one-fourth fusion-column-last fusion-column-inner-bg-wrapper\" style=\"--awb-inner-bg-size:cover;--awb-margin-top:10px;--awb-margin-bottom:10px;width:25%;width:calc(25% - ( ( 4% + 4% + 4% ) * 0.25 ) );\"><span class=\"fusion-column-inner-bg hover-type-none\"><a class=\"fusion-column-anchor\" href=\"https:\/\/www.absamyayinlari.com\" rel=\"noopener noreferrer\" target=\"_blank\"><span class=\"fusion-column-inner-bg-image\"><\/span><\/a><\/span><div class=\"fusion-column-wrapper fusion-column-has-shadow fusion-flex-column-wrapper-legacy\"><div class=\"fusion-image-element fusion-image-align-center in-legacy-container\" style=\"text-align:center;--awb-caption-title-font-family:var(--h2_typography-font-family);--awb-caption-title-font-weight:var(--h2_typography-font-weight);--awb-caption-title-font-style:var(--h2_typography-font-style);--awb-caption-title-size:var(--h2_typography-font-size);--awb-caption-title-transform:var(--h2_typography-text-transform);--awb-caption-title-line-height:var(--h2_typography-line-height);--awb-caption-title-letter-spacing:var(--h2_typography-letter-spacing);\"><div class=\"imageframe-align-center\"><span class=\" fusion-imageframe imageframe-none imageframe-4 hover-type-zoomin\"><a class=\"fusion-no-lightbox\" href=\"https:\/\/www.absamyayinlari.com\" target=\"_blank\" aria-label=\"eserler-absam\" rel=\"noopener noreferrer\"><img decoding=\"async\" width=\"200\" height=\"200\" data-src=\"https:\/\/www.hhyildirim.com\/wp-content\/uploads\/2020\/09\/eserler-absam-200x200.png\" alt class=\"img-responsive wp-image-1186 lazyload\" data-srcset=\"https:\/\/www.hhyildirim.com\/wp-content\/uploads\/2020\/09\/eserler-absam-200x200.png 200w, https:\/\/www.hhyildirim.com\/wp-content\/uploads\/2020\/09\/eserler-absam-400x400.png 400w, https:\/\/www.hhyildirim.com\/wp-content\/uploads\/2020\/09\/eserler-absam.png 450w\" data-sizes=\"(max-width: 800px) 100vw, 400px\" src=\"data:image\/gif;base64,R0lGODlhAQABAAAAACH5BAEKAAEALAAAAAABAAEAAAICTAEAOw==\" style=\"--smush-placeholder-width: 200px; --smush-placeholder-aspect-ratio: 200\/200;\" \/><\/a><\/span><\/div><\/div><div class=\"fusion-aligncenter\"><a class=\"fusion-button button-flat fusion-button-default-size button-default fusion-button-default button-4 fusion-button-default-span fusion-button-default-type\" style=\"--button_margin-top:10px;\" target=\"_blank\" rel=\"noopener noreferrer\" href=\"https:\/\/www.absamyayinlari.com\"><span class=\"fusion-button-text\">ABSAM<\/span><\/a><\/div><div class=\"fusion-clearfix\"><\/div><\/div><\/div><div class=\"fusion-layout-column fusion_builder_column fusion-builder-column-4 fusion_builder_column_1_1 1_1 fusion-one-full fusion-column-first fusion-column-last\" style=\"--awb-padding-top:30px;--awb-bg-size:cover;--awb-margin-top:10px;--awb-margin-bottom:10px;\"><div class=\"fusion-column-wrapper fusion-column-has-shadow fusion-flex-column-wrapper-legacy\"><div class=\"fusion-title title fusion-title-1 fusion-title-center fusion-title-text fusion-title-size-paragraph\"><div class=\"title-sep-container title-sep-container-left\"><div class=\"title-sep sep-double sep-solid\" style=\"border-color:#e0dede;\"><\/div><\/div><span class=\"awb-title-spacer\"><\/span><p class=\"fusion-title-heading title-heading-center title-heading-tag\" style=\"margin:0;\"><a href=\"https:\/\/www.hhyildirim.com\/wp-content\/uploads\/2025\/09\/hhyildirim_cv_en.pdf\" target=\"_blank\" rel=\"noopener noreferrer\">Click <\/a>for detailed CV. (PDF)\n<p><a href=\"https:\/\/www.absamyayinlari.com\/\">Hasan H\u00fcseyin Y\u0131ld\u0131r\u0131m; sa\u011fl\u0131k, sa\u011fl\u0131k hizmetleri ve sa\u011fl\u0131k sistemleri ile ilgili politika, ekonomi ve y\u00f6netim konular\u0131nda yazmaktad\u0131r. Y\u0131ld\u0131r\u0131m son d\u00f6nemlerde genelde \u0130slam, Sa\u011fl\u0131k ve T\u0131p Ara\u015ft\u0131rmalar\u0131, \u00f6zelde ise T\u0131bb-\u0131 Nebevi alanlar\u0131nda da eserler vermeye ba\u015flam\u0131\u015ft\u0131r.\u00a0<\/a><a href=\"https:\/\/www.absamyayinlari.com\/\">Ek olarak Y\u0131ld\u0131r\u0131m, Tevhidi\/\u0130slami d\u00fc\u015f\u00fcnce sistemine dayal\u0131 olarak edindi\u011fi ilmi birikimini, Allah&#8217;\u0131n (cc) r\u0131zas\u0131n\u0131 g\u00f6zeterek ba\u015fkalar\u0131yla da payla\u015fmak ad\u0131na, &#8220;Eserden M\u00fcessire Kainat Okumalar\u0131 (EMKO)&#8221; ad\u0131 alt\u0131nda seminerler\/sohbetler\/s\u00f6yle\u015filer d\u00fczenlemektedir. Bunlar i\u00e7in herhangi bir \u00fccret talep edilmemektedir. Konu\u015fmac\u0131 talepleriniz i\u00e7in ileti\u015fime ge\u00e7ebilirsiniz.<\/a>\u00a0E-mail: <a href=\"mailto:hhyildirim2005@gmail.com\">hhyildirim2005@gmail.com\u00a0<\/a><\/p><\/p><span class=\"awb-title-spacer\"><\/span><div class=\"title-sep-container title-sep-container-right\"><div class=\"title-sep sep-double sep-solid\" style=\"border-color:#e0dede;\"><\/div><\/div><\/div><div class=\"fusion-clearfix\"><\/div><\/div><\/div><\/div><\/div>","protected":false},"excerpt":{"rendered":"","protected":false},"author":1,"featured_media":0,"parent":0,"menu_order":0,"comment_status":"closed","ping_status":"closed","template":"","meta":{"footnotes":""},"class_list":["post-7","page","type-page","status-publish","hentry"],"yoast_head":"<!-- This site is optimized with the Yoast SEO plugin v24.4 - https:\/\/yoast.com\/wordpress\/plugins\/seo\/ -->\n<title>Author - HHY | Hasan H\u00fcseyin Y\u0131ld\u0131r\u0131m | Sa\u011fl\u0131k Politikalar\u0131 | \u0130slam ve Sa\u011fl\u0131k Ara\u015ft\u0131rmalar\u0131 | T\u0131bb-\u0131 Nebevi<\/title>\n<meta name=\"description\" content=\"Sa\u011fl\u0131k politikalar\u0131, sa\u011fl\u0131k ve siyaset, sa\u011fl\u0131k sistemleri, T\u0131bb-\u0131 Nebevi\" \/>\n<meta name=\"robots\" content=\"index, follow, max-snippet:-1, max-image-preview:large, max-video-preview:-1\" \/>\n<link rel=\"canonical\" href=\"https:\/\/www.hhyildirim.com\/yazar\/\" \/>\n<meta property=\"og:locale\" content=\"en_US\" \/>\n<meta property=\"og:type\" content=\"article\" \/>\n<meta property=\"og:title\" content=\"Author - HHY | Hasan H\u00fcseyin Y\u0131ld\u0131r\u0131m | Sa\u011fl\u0131k Politikalar\u0131 | \u0130slam ve Sa\u011fl\u0131k Ara\u015ft\u0131rmalar\u0131 | T\u0131bb-\u0131 Nebevi\" \/>\n<meta property=\"og:description\" content=\"Sa\u011fl\u0131k politikalar\u0131, sa\u011fl\u0131k ve siyaset, sa\u011fl\u0131k sistemleri, T\u0131bb-\u0131 Nebevi\" \/>\n<meta property=\"og:url\" content=\"https:\/\/www.hhyildirim.com\/yazar\/\" \/>\n<meta property=\"og:site_name\" content=\"HHY | Hasan H\u00fcseyin Y\u0131ld\u0131r\u0131m | Sa\u011fl\u0131k Politikalar\u0131 | \u0130slam ve Sa\u011fl\u0131k Ara\u015ft\u0131rmalar\u0131 | T\u0131bb-\u0131 Nebevi\" \/>\n<meta property=\"article:modified_time\" content=\"2026-01-19T17:21:14+00:00\" \/>\n<meta name=\"twitter:card\" content=\"summary_large_image\" \/>\n<meta name=\"twitter:label1\" content=\"Est. reading time\" \/>\n\t<meta name=\"twitter:data1\" content=\"2 minutes\" \/>\n<script type=\"application\/ld+json\" class=\"yoast-schema-graph\">{\"@context\":\"https:\/\/schema.org\",\"@graph\":[{\"@type\":\"WebPage\",\"@id\":\"https:\/\/www.hhyildirim.com\/yazar\/\",\"url\":\"https:\/\/www.hhyildirim.com\/yazar\/\",\"name\":\"Author - HHY | Hasan H\u00fcseyin Y\u0131ld\u0131r\u0131m | Sa\u011fl\u0131k Politikalar\u0131 | \u0130slam ve Sa\u011fl\u0131k Ara\u015ft\u0131rmalar\u0131 | T\u0131bb-\u0131 Nebevi\",\"isPartOf\":{\"@id\":\"https:\/\/www.hhyildirim.com\/#website\"},\"datePublished\":\"2015-09-22T11:10:24+00:00\",\"dateModified\":\"2026-01-19T17:21:14+00:00\",\"description\":\"Sa\u011fl\u0131k politikalar\u0131, sa\u011fl\u0131k ve siyaset, sa\u011fl\u0131k sistemleri, T\u0131bb-\u0131 Nebevi\",\"breadcrumb\":{\"@id\":\"https:\/\/www.hhyildirim.com\/yazar\/#breadcrumb\"},\"inLanguage\":\"en-US\",\"potentialAction\":[{\"@type\":\"ReadAction\",\"target\":[\"https:\/\/www.hhyildirim.com\/yazar\/\"]}]},{\"@type\":\"BreadcrumbList\",\"@id\":\"https:\/\/www.hhyildirim.com\/yazar\/#breadcrumb\",\"itemListElement\":[{\"@type\":\"ListItem\",\"position\":1,\"name\":\"Ana sayfa\",\"item\":\"https:\/\/www.hhyildirim.com\/\"},{\"@type\":\"ListItem\",\"position\":2,\"name\":\"Yazar\"}]},{\"@type\":\"WebSite\",\"@id\":\"https:\/\/www.hhyildirim.com\/#website\",\"url\":\"https:\/\/www.hhyildirim.com\/\",\"name\":\"HHY | Hasan H\u00fcseyin Y\u0131ld\u0131r\u0131m | Sa\u011fl\u0131k Politikalar\u0131 | \u0130slam ve Sa\u011fl\u0131k Ara\u015ft\u0131rmalar\u0131 | T\u0131bb-\u0131 Nebevi\",\"description\":\"&quot;Sizlere de\u011fer katar&quot;\",\"potentialAction\":[{\"@type\":\"SearchAction\",\"target\":{\"@type\":\"EntryPoint\",\"urlTemplate\":\"https:\/\/www.hhyildirim.com\/?s={search_term_string}\"},\"query-input\":{\"@type\":\"PropertyValueSpecification\",\"valueRequired\":true,\"valueName\":\"search_term_string\"}}],\"inLanguage\":\"en-US\"}]}<\/script>\n<!-- \/ Yoast SEO plugin. -->","yoast_head_json":{"title":"Author - HHY | Hasan H\u00fcseyin Y\u0131ld\u0131r\u0131m | Sa\u011fl\u0131k Politikalar\u0131 | \u0130slam ve Sa\u011fl\u0131k Ara\u015ft\u0131rmalar\u0131 | T\u0131bb-\u0131 Nebevi","description":"Sa\u011fl\u0131k politikalar\u0131, sa\u011fl\u0131k ve siyaset, sa\u011fl\u0131k sistemleri, T\u0131bb-\u0131 Nebevi","robots":{"index":"index","follow":"follow","max-snippet":"max-snippet:-1","max-image-preview":"max-image-preview:large","max-video-preview":"max-video-preview:-1"},"canonical":"https:\/\/www.hhyildirim.com\/yazar\/","og_locale":"en_US","og_type":"article","og_title":"Author - HHY | Hasan H\u00fcseyin Y\u0131ld\u0131r\u0131m | Sa\u011fl\u0131k Politikalar\u0131 | \u0130slam ve Sa\u011fl\u0131k Ara\u015ft\u0131rmalar\u0131 | T\u0131bb-\u0131 Nebevi","og_description":"Sa\u011fl\u0131k politikalar\u0131, sa\u011fl\u0131k ve siyaset, sa\u011fl\u0131k sistemleri, T\u0131bb-\u0131 Nebevi","og_url":"https:\/\/www.hhyildirim.com\/yazar\/","og_site_name":"HHY | Hasan H\u00fcseyin Y\u0131ld\u0131r\u0131m | Sa\u011fl\u0131k Politikalar\u0131 | \u0130slam ve Sa\u011fl\u0131k Ara\u015ft\u0131rmalar\u0131 | T\u0131bb-\u0131 Nebevi","article_modified_time":"2026-01-19T17:21:14+00:00","twitter_card":"summary_large_image","twitter_misc":{"Est. reading time":"2 minutes"},"schema":{"@context":"https:\/\/schema.org","@graph":[{"@type":"WebPage","@id":"https:\/\/www.hhyildirim.com\/yazar\/","url":"https:\/\/www.hhyildirim.com\/yazar\/","name":"Author - HHY | Hasan H\u00fcseyin Y\u0131ld\u0131r\u0131m | Sa\u011fl\u0131k Politikalar\u0131 | \u0130slam ve Sa\u011fl\u0131k Ara\u015ft\u0131rmalar\u0131 | T\u0131bb-\u0131 Nebevi","isPartOf":{"@id":"https:\/\/www.hhyildirim.com\/#website"},"datePublished":"2015-09-22T11:10:24+00:00","dateModified":"2026-01-19T17:21:14+00:00","description":"Sa\u011fl\u0131k politikalar\u0131, sa\u011fl\u0131k ve siyaset, sa\u011fl\u0131k sistemleri, T\u0131bb-\u0131 Nebevi","breadcrumb":{"@id":"https:\/\/www.hhyildirim.com\/yazar\/#breadcrumb"},"inLanguage":"en-US","potentialAction":[{"@type":"ReadAction","target":["https:\/\/www.hhyildirim.com\/yazar\/"]}]},{"@type":"BreadcrumbList","@id":"https:\/\/www.hhyildirim.com\/yazar\/#breadcrumb","itemListElement":[{"@type":"ListItem","position":1,"name":"Ana sayfa","item":"https:\/\/www.hhyildirim.com\/"},{"@type":"ListItem","position":2,"name":"Yazar"}]},{"@type":"WebSite","@id":"https:\/\/www.hhyildirim.com\/#website","url":"https:\/\/www.hhyildirim.com\/","name":"HHY | Hasan H\u00fcseyin Y\u0131ld\u0131r\u0131m | Sa\u011fl\u0131k Politikalar\u0131 | \u0130slam ve Sa\u011fl\u0131k Ara\u015ft\u0131rmalar\u0131 | T\u0131bb-\u0131 Nebevi","description":"&quot;Sizlere de\u011fer katar&quot;","potentialAction":[{"@type":"SearchAction","target":{"@type":"EntryPoint","urlTemplate":"https:\/\/www.hhyildirim.com\/?s={search_term_string}"},"query-input":{"@type":"PropertyValueSpecification","valueRequired":true,"valueName":"search_term_string"}}],"inLanguage":"en-US"}]}},"_links":{"self":[{"href":"https:\/\/www.hhyildirim.com\/en\/wp-json\/wp\/v2\/pages\/7","targetHints":{"allow":["GET"]}}],"collection":[{"href":"https:\/\/www.hhyildirim.com\/en\/wp-json\/wp\/v2\/pages"}],"about":[{"href":"https:\/\/www.hhyildirim.com\/en\/wp-json\/wp\/v2\/types\/page"}],"author":[{"embeddable":true,"href":"https:\/\/www.hhyildirim.com\/en\/wp-json\/wp\/v2\/users\/1"}],"replies":[{"embeddable":true,"href":"https:\/\/www.hhyildirim.com\/en\/wp-json\/wp\/v2\/comments?post=7"}],"version-history":[{"count":137,"href":"https:\/\/www.hhyildirim.com\/en\/wp-json\/wp\/v2\/pages\/7\/revisions"}],"predecessor-version":[{"id":1558,"href":"https:\/\/www.hhyildirim.com\/en\/wp-json\/wp\/v2\/pages\/7\/revisions\/1558"}],"wp:attachment":[{"href":"https:\/\/www.hhyildirim.com\/en\/wp-json\/wp\/v2\/media?parent=7"}],"curies":[{"name":"wp","href":"https:\/\/api.w.org\/{rel}","templated":true}]}}